{"id":84,"date":"2019-02-20T14:59:39","date_gmt":"2019-02-20T13:59:39","guid":{"rendered":"http:\/\/www.sportspartner.fr\/?page_id=84"},"modified":"2019-04-04T17:59:16","modified_gmt":"2019-04-04T15:59:16","slug":"siege-de-stade-ergo","status":"publish","type":"page","link":"https:\/\/www.sportspartner.fr\/index.php\/siege-de-stade-ergo\/","title":{"rendered":"Si\u00e8ge Ergo"},"content":{"rendered":"\n<p>S\u00e9curit\u00e9 et confort sur les sites sportifs. Con\u00e7u conform\u00e9ment aux indications de la FIFA\/UEFA, le si\u00e8ge de stade Ergo est une des meilleures solutions sur le march\u00e9.  En plus d\u2019\u00eatre solide et fiable, ce produit 100% portugais pr\u00e9sente un design innovant et ergonomique. Il s\u2019adapte aux besoins des fans, en raison de son confort et \u00e9galement aux besoins du club car il s\u2019agit d\u2019un v\u00e9ritable si\u00e8ge anti-vandalisme. Il est adapt\u00e9 pour une utilisation int\u00e9rieure ou ext\u00e9rieur.<\/p>\n\n\n\n<p><strong>S\u00e9curit\u00e9<\/strong> : La grande innovation dans le monde des si\u00e8ges sportifs r\u00e9side dans les 5 points de fixations du si\u00e8ge de stade Ergo. Il est presque impossible de les retirer des bancs\u2026 Ils vont enfin arr\u00eater de voler dans les trav\u00e9es ! C\u2019est un partenaire efficace pour la lutte contre le vandalisme et un avantage \u00e9conomique certain pour les propri\u00e9taires.<\/p>\n\n\n\n<p><strong>Fiche produit&nbsp;:<\/strong><\/p>\n\n\n\n<ul><li>Stabilit\u00e9 : Polypropyl\u00e8ne pour usage int\u00e9rieur ou ext\u00e9rieur, avec stabilisateur UV ou additifs ignifuges.<\/li><li>S\u00e9curit\u00e9\u00a0: Jusqu\u2019\u00e0 5 points de fixation<\/li><li>Confort\u00a0: Finition lisse, Design ergonomique, Trou de drainage<\/li><li>Durabilit\u00e9\u00a0: Peu de frais de maintenance, tr\u00e8s facile \u00e0 nettoyer.<\/li><li>Polyvalence\u00a0: Emplacement pour afficher des nombres ou de la publicit\u00e9.<\/li><li>Couleurs : Disponible dans plus de 25 coloris diff\u00e9rents et pr\u00eat \u00e0 accueillir un espace publicitaire, le si\u00e8ge Ergo offre une large palette de possibilit\u00e9s de personnalisation. Vous n\u2019avez plus qu\u2019\u00e0 choisir !<\/li><\/ul>\n\n\n\n<div class=\"wp-block-button is-style-squared\"><a class=\"wp-block-button__link\" href=\"http:\/\/www.sportspartner.fr\/index.php\/demande-de-devis\/\"><strong>Demande de devis<\/strong><\/a><\/div>\n\n\n\n<ul class=\"wp-block-gallery columns-2 is-cropped\"><li class=\"blocks-gallery-item\"><figure><img loading=\"lazy\" width=\"813\" height=\"734\" src=\"http:\/\/www.sportspartner.fr\/wp-content\/uploads\/2019\/02\/Si\u00e9ge-Ergo-Vert.png\" alt=\"\" data-id=\"39\" data-link=\"http:\/\/www.sportspartner.fr\/siege-ergo-vert\/\" class=\"wp-image-39\" srcset=\"https:\/\/www.sportspartner.fr\/wp-content\/uploads\/2019\/02\/Si\u00e9ge-Ergo-Vert.png 813w, https:\/\/www.sportspartner.fr\/wp-content\/uploads\/2019\/02\/Si\u00e9ge-Ergo-Vert-300x271.png 300w, https:\/\/www.sportspartner.fr\/wp-content\/uploads\/2019\/02\/Si\u00e9ge-Ergo-Vert-768x693.png 768w\" sizes=\"(max-width: 813px) 100vw, 813px\" \/><\/figure><\/li><li class=\"blocks-gallery-item\"><figure><img loading=\"lazy\" width=\"569\" height=\"569\" src=\"http:\/\/www.sportspartner.fr\/wp-content\/uploads\/2019\/02\/ergo.jpg\" alt=\"\" data-id=\"87\" data-link=\"http:\/\/www.sportspartner.fr\/index.php\/ergo\/ergo-2\/\" class=\"wp-image-87\" srcset=\"https:\/\/www.sportspartner.fr\/wp-content\/uploads\/2019\/02\/ergo.jpg 569w, https:\/\/www.sportspartner.fr\/wp-content\/uploads\/2019\/02\/ergo-150x150.jpg 150w, https:\/\/www.sportspartner.fr\/wp-content\/uploads\/2019\/02\/ergo-300x300.jpg 300w, https:\/\/www.sportspartner.fr\/wp-content\/uploads\/2019\/02\/ergo-230x230.jpg 230w, https:\/\/www.sportspartner.fr\/wp-content\/uploads\/2019\/02\/ergo-350x350.jpg 350w, https:\/\/www.sportspartner.fr\/wp-content\/uploads\/2019\/02\/ergo-480x480.jpg 480w\" sizes=\"(max-width: 569px) 100vw, 569px\" \/><\/figure><\/li><li class=\"blocks-gallery-item\"><figure><img loading=\"lazy\" width=\"599\" height=\"383\" src=\"http:\/\/www.sportspartner.fr\/wp-content\/uploads\/2019\/02\/costumizavel_ergo1.gif\" alt=\"\" data-id=\"158\" data-link=\"http:\/\/www.sportspartner.fr\/index.php\/ergo\/costumizavel_ergo1\/\" class=\"wp-image-158\"\/><\/figure><\/li><\/ul>\n","protected":false},"excerpt":{"rendered":"<p>S\u00e9curit\u00e9 et confort sur les sites sportifs. Con\u00e7u conform\u00e9ment aux indications de la FIFA\/UEFA, le si\u00e8ge de stade Ergo est une des meilleures solutions sur le march\u00e9. En plus d\u2019\u00eatre solide et fiable, ce produit 100% portugais pr\u00e9sente un design innovant et ergonomique. Il s\u2019adapte aux besoins des fans, en raison de son confort et [&hellip;]<\/p>\n","protected":false},"author":1,"featured_media":0,"parent":0,"menu_order":0,"comment_status":"closed","ping_status":"closed","template":"","meta":[],"_links":{"self":[{"href":"https:\/\/www.sportspartner.fr\/index.php\/wp-json\/wp\/v2\/pages\/84"}],"collection":[{"href":"https:\/\/www.sportspartner.fr\/index.php\/wp-json\/wp\/v2\/pages"}],"about":[{"href":"https:\/\/www.sportspartner.fr\/index.php\/wp-json\/wp\/v2\/types\/page"}],"author":[{"embeddable":true,"href":"https:\/\/www.sportspartner.fr\/index.php\/wp-json\/wp\/v2\/users\/1"}],"replies":[{"embeddable":true,"href":"https:\/\/www.sportspartner.fr\/index.php\/wp-json\/wp\/v2\/comments?post=84"}],"version-history":[{"count":8,"href":"https:\/\/www.sportspartner.fr\/index.php\/wp-json\/wp\/v2\/pages\/84\/revisions"}],"predecessor-version":[{"id":692,"href":"https:\/\/www.sportspartner.fr\/index.php\/wp-json\/wp\/v2\/pages\/84\/revisions\/692"}],"wp:attachment":[{"href":"https:\/\/www.sportspartner.fr\/index.php\/wp-json\/wp\/v2\/media?parent=84"}],"curies":[{"name":"wp","href":"https:\/\/api.w.org\/{rel}","templated":true}]}}