{"id":761,"date":"2019-08-06T14:04:06","date_gmt":"2019-08-06T12:04:06","guid":{"rendered":"http:\/\/www.sportspartner.fr\/?page_id=761"},"modified":"2019-08-07T10:29:20","modified_gmt":"2019-08-07T08:29:20","slug":"naxos-master-sol-de-gymnase","status":"publish","type":"page","link":"https:\/\/www.sportspartner.fr\/index.php\/naxos-master-sol-de-gymnase\/","title":{"rendered":"Naxos MASTER"},"content":{"rendered":"\n<p><strong>Le monde du sport est  r\u00e9volutionn\u00e9 avec notre sous-couche derni\u00e8re g\u00e9n\u00e9ration ! <\/strong>Avec l&#8217;aide de diff\u00e9rents professionnels du sport venant de tous les horizons, athl\u00e8tes, entra\u00eeneurs et m\u00e9decins, nous avons d\u00e9velopp\u00e9 une version de sous-couche unique sur le march\u00e9 pour votre sol de gymnase.  De plus <strong>Naxos MASTER<\/strong>  est <strong>certifi\u00e9 par l\u2019IHF \u2013 F\u00e9d\u00e9ration Internationale de Handball et par<\/strong>&nbsp;<strong>l\u2019ITTF \u2013 F\u00e9d\u00e9ration Internationale de Tennis de Table<\/strong> ! <\/p>\n\n\n\n<p><strong>Fiche produit <\/strong><\/p>\n\n\n\n<ul><li> Dimension : 25 x 25 x 1,1 cm \u2013 livraison en dalles pr\u00e9-assembl\u00e9es de 1m\u00b2<\/li><li>Approuv\u00e9 EN 14904 \u2013 exigences relatives aux sols d\u2019installations multi-sports int\u00e9rieures<\/li><li>Garantie : 15 ans<\/li><li>R\u00e9sistance au solvant : Excellente<\/li><li>R\u00e9ceptivit\u00e9 de la peinture : Tr\u00e8s bonne \u2013 marquage en usine possible<\/li><li>Installation sur n\u2019importe quelle surface rigide et plane&nbsp;<\/li><li>Sous-couche :&nbsp; 4mm<\/li><li>Utilisation principale : Sol de gymnase<\/li><\/ul>\n\n\n\n<div class=\"wp-block-button is-style-squared\"><a class=\"wp-block-button__link\" href=\"http:\/\/www.sportspartner.fr\/index.php\/demande-de-devis\/\">Demande de devis <\/a><\/div>\n\n\n\n<ul class=\"wp-block-gallery columns-3 is-cropped\"><li class=\"blocks-gallery-item\"><figure><img loading=\"lazy\" width=\"673\" height=\"476\" src=\"http:\/\/www.sportspartner.fr\/wp-content\/uploads\/2019\/08\/naxos_sport_evolution_3D_big-1.jpg\" alt=\"\" data-id=\"781\" data-link=\"http:\/\/www.sportspartner.fr\/index.php\/naxos-master-sol-de-gymnase\/naxos_sport_evolution_3d_big-1\/\" class=\"wp-image-781\" srcset=\"https:\/\/www.sportspartner.fr\/wp-content\/uploads\/2019\/08\/naxos_sport_evolution_3D_big-1.jpg 673w, https:\/\/www.sportspartner.fr\/wp-content\/uploads\/2019\/08\/naxos_sport_evolution_3D_big-1-300x212.jpg 300w, https:\/\/www.sportspartner.fr\/wp-content\/uploads\/2019\/08\/naxos_sport_evolution_3D_big-1-230x163.jpg 230w, https:\/\/www.sportspartner.fr\/wp-content\/uploads\/2019\/08\/naxos_sport_evolution_3D_big-1-350x248.jpg 350w, https:\/\/www.sportspartner.fr\/wp-content\/uploads\/2019\/08\/naxos_sport_evolution_3D_big-1-480x339.jpg 480w\" sizes=\"(max-width: 673px) 100vw, 673px\" \/><\/figure><\/li><li class=\"blocks-gallery-item\"><figure><img loading=\"lazy\" width=\"1024\" height=\"683\" src=\"http:\/\/www.sportspartner.fr\/wp-content\/uploads\/2019\/08\/DSC_1497-1024x683.jpg\" alt=\"sous couche naxos master\" data-id=\"770\" data-link=\"http:\/\/www.sportspartner.fr\/index.php\/naxos-master-sol-de-gymnase\/dsc_1497\/\" class=\"wp-image-770\" srcset=\"https:\/\/www.sportspartner.fr\/wp-content\/uploads\/2019\/08\/DSC_1497-1024x683.jpg 1024w, https:\/\/www.sportspartner.fr\/wp-content\/uploads\/2019\/08\/DSC_1497-300x200.jpg 300w, https:\/\/www.sportspartner.fr\/wp-content\/uploads\/2019\/08\/DSC_1497-768x512.jpg 768w, https:\/\/www.sportspartner.fr\/wp-content\/uploads\/2019\/08\/DSC_1497-830x553.jpg 830w, https:\/\/www.sportspartner.fr\/wp-content\/uploads\/2019\/08\/DSC_1497-230x153.jpg 230w, https:\/\/www.sportspartner.fr\/wp-content\/uploads\/2019\/08\/DSC_1497-350x233.jpg 350w, https:\/\/www.sportspartner.fr\/wp-content\/uploads\/2019\/08\/DSC_1497-480x320.jpg 480w\" sizes=\"(max-width: 1024px) 100vw, 1024px\" \/><\/figure><\/li><li class=\"blocks-gallery-item\"><figure><img loading=\"lazy\" width=\"438\" height=\"519\" src=\"http:\/\/www.sportspartner.fr\/wp-content\/uploads\/2019\/03\/Sch\u00e9ma_Patmos-Master.jpg\" alt=\"\" data-id=\"565\" data-link=\"http:\/\/www.sportspartner.fr\/index.php\/choisir-un-sol-sportif-exterieur\/schema_patmos-master\/\" class=\"wp-image-565\" srcset=\"https:\/\/www.sportspartner.fr\/wp-content\/uploads\/2019\/03\/Sch\u00e9ma_Patmos-Master.jpg 438w, https:\/\/www.sportspartner.fr\/wp-content\/uploads\/2019\/03\/Sch\u00e9ma_Patmos-Master-253x300.jpg 253w, https:\/\/www.sportspartner.fr\/wp-content\/uploads\/2019\/03\/Sch\u00e9ma_Patmos-Master-230x273.jpg 230w, https:\/\/www.sportspartner.fr\/wp-content\/uploads\/2019\/03\/Sch\u00e9ma_Patmos-Master-350x415.jpg 350w\" sizes=\"(max-width: 438px) 100vw, 438px\" \/><\/figure><\/li><li class=\"blocks-gallery-item\"><figure><img loading=\"lazy\" width=\"1024\" height=\"683\" src=\"http:\/\/www.sportspartner.fr\/wp-content\/uploads\/2019\/08\/DSC_1547-1024x683.jpg\" alt=\"\" data-id=\"782\" data-link=\"http:\/\/www.sportspartner.fr\/index.php\/naxos-master-sol-de-gymnase\/dsc_1547-2\/\" class=\"wp-image-782\" srcset=\"https:\/\/www.sportspartner.fr\/wp-content\/uploads\/2019\/08\/DSC_1547-1024x683.jpg 1024w, https:\/\/www.sportspartner.fr\/wp-content\/uploads\/2019\/08\/DSC_1547-300x200.jpg 300w, https:\/\/www.sportspartner.fr\/wp-content\/uploads\/2019\/08\/DSC_1547-768x512.jpg 768w, https:\/\/www.sportspartner.fr\/wp-content\/uploads\/2019\/08\/DSC_1547-830x553.jpg 830w, https:\/\/www.sportspartner.fr\/wp-content\/uploads\/2019\/08\/DSC_1547-230x153.jpg 230w, https:\/\/www.sportspartner.fr\/wp-content\/uploads\/2019\/08\/DSC_1547-350x233.jpg 350w, https:\/\/www.sportspartner.fr\/wp-content\/uploads\/2019\/08\/DSC_1547-480x320.jpg 480w\" sizes=\"(max-width: 1024px) 100vw, 1024px\" \/><\/figure><\/li><\/ul>\n\n\n\n<h2> <strong>L&#8217;absorption par excellence ! <\/strong> <\/h2>\n\n\n\n<p>Notre technologie nous permet d&#8217;avoir un rev\u00eatement \u00e0 la fois modulaire avec un syst\u00e8me&nbsp;<strong>d\u2019absorption des chocs par coussin d\u2019air incorpor\u00e9 dans chaque dalle<\/strong>&nbsp;!<\/p>\n\n\n\n<p>De plus, Naxos MASTER et sa sous-couche biom\u00e9canique permet <strong>l&#8217;absorption des petites irr\u00e9gularit\u00e9s du support<\/strong> ainsi que des l\u00e9g\u00e8res asp\u00e9rit\u00e9s.<\/p>\n\n\n\n<ul class=\"wp-block-gallery columns-2 is-cropped\"><li class=\"blocks-gallery-item\"><figure><img loading=\"lazy\" width=\"1024\" height=\"768\" src=\"http:\/\/www.sportspartner.fr\/wp-content\/uploads\/2019\/08\/IMG_20151105_092723_1-1-1024x768.jpg\" alt=\"Sol int\u00e9rieur avant Naxos MASTER\" data-id=\"774\" data-link=\"http:\/\/www.sportspartner.fr\/index.php\/naxos-master-sol-spotif-interieur\/img_20151105_092723_1-1\/\" class=\"wp-image-774\" srcset=\"https:\/\/www.sportspartner.fr\/wp-content\/uploads\/2019\/08\/IMG_20151105_092723_1-1-1024x768.jpg 1024w, https:\/\/www.sportspartner.fr\/wp-content\/uploads\/2019\/08\/IMG_20151105_092723_1-1-300x225.jpg 300w, https:\/\/www.sportspartner.fr\/wp-content\/uploads\/2019\/08\/IMG_20151105_092723_1-1-768x576.jpg 768w, https:\/\/www.sportspartner.fr\/wp-content\/uploads\/2019\/08\/IMG_20151105_092723_1-1-830x623.jpg 830w, https:\/\/www.sportspartner.fr\/wp-content\/uploads\/2019\/08\/IMG_20151105_092723_1-1-230x173.jpg 230w, https:\/\/www.sportspartner.fr\/wp-content\/uploads\/2019\/08\/IMG_20151105_092723_1-1-350x263.jpg 350w, https:\/\/www.sportspartner.fr\/wp-content\/uploads\/2019\/08\/IMG_20151105_092723_1-1-480x360.jpg 480w\" sizes=\"(max-width: 1024px) 100vw, 1024px\" \/><figcaption>Avant installation de Naxos MASTER<\/figcaption><\/figure><\/li><li class=\"blocks-gallery-item\"><figure><img loading=\"lazy\" width=\"1024\" height=\"768\" src=\"http:\/\/www.sportspartner.fr\/wp-content\/uploads\/2019\/08\/IMG_20151112_094503_1-1024x768.jpg\" alt=\"Sol Naxos MASTER\" data-id=\"773\" data-link=\"http:\/\/www.sportspartner.fr\/index.php\/naxos-master-sol-spotif-interieur\/img_20151112_094503_1\/\" class=\"wp-image-773\" srcset=\"https:\/\/www.sportspartner.fr\/wp-content\/uploads\/2019\/08\/IMG_20151112_094503_1-1024x768.jpg 1024w, https:\/\/www.sportspartner.fr\/wp-content\/uploads\/2019\/08\/IMG_20151112_094503_1-300x225.jpg 300w, https:\/\/www.sportspartner.fr\/wp-content\/uploads\/2019\/08\/IMG_20151112_094503_1-768x576.jpg 768w, https:\/\/www.sportspartner.fr\/wp-content\/uploads\/2019\/08\/IMG_20151112_094503_1-830x623.jpg 830w, https:\/\/www.sportspartner.fr\/wp-content\/uploads\/2019\/08\/IMG_20151112_094503_1-230x173.jpg 230w, https:\/\/www.sportspartner.fr\/wp-content\/uploads\/2019\/08\/IMG_20151112_094503_1-350x263.jpg 350w, https:\/\/www.sportspartner.fr\/wp-content\/uploads\/2019\/08\/IMG_20151112_094503_1-480x360.jpg 480w\" sizes=\"(max-width: 1024px) 100vw, 1024px\" \/><figcaption>Apr\u00e8s installation de Naxos MASTER<\/figcaption><\/figure><\/li><\/ul>\n\n\n\n<h2> <strong>Une installation simple et efficace !<\/strong>  <\/h2>\n\n\n\n<p><strong>Niveaux installation<\/strong>, rien de plus simple ! Nos dalles sont livr\u00e9es pr\u00e9-embo\u00eet\u00e9 en dalles de 1m\u00b2. L&#8217;installation se fait alors tr\u00e8s rapidement et vous pourrez utiliser imm\u00e9diatement votre zone de jeu apr\u00e8s l&#8217;avoir pos\u00e9 !  <\/p>\n\n\n\n<p>En plus, il suffit seulement de 4 points de connexion sont \u00e0 la fixation de notre sous-couche d&#8217;absorption des chocs en caoutchouc ondul\u00e9es !\u00a0 Cela\u00a0<strong>facilitera ainsi l\u2019assemblage, le d\u00e9montage mais aussi le remplacement\u00a0<\/strong>en cas de n\u00e9cessit\u00e9 ! <\/p>\n\n\n\n<p>Enfin, gr\u00e2ce \u00e0 Naxos MASTER, la <strong>r\u00e9duction des bruits<\/strong> ;\u00a0caus\u00e9s par la pratique du sport et par le ballon ; va vous surprendre. <\/p>\n\n\n\n<p><strong>C\u00f4t\u00e9 s\u00e9curit\u00e9<\/strong>, aucuns probl\u00e8mes ! Naxos MASTER, permet de chasser l\u2019humidit\u00e9 et ainsi \u00e9viter toutes glissades non contr\u00f4l\u00e9es. En effet, les ouvertures de nos diff\u00e9rents syst\u00e8mes NAXOS, en forme de rond, permettent \u00e0 l\u2019air de circuler tout en<strong>\u00a0renfor\u00e7ant ainsi l\u2019adh\u00e9rence de la semelle.<\/strong><\/p>\n\n\n\n<p><strong><a href=\"http:\/\/www.sportspartner.fr\/index.php\/naxos-master\/\">Naxos MASTER<\/a><\/strong> est LA meilleure option pour apporter un confort suppl\u00e9mentaire \u00e0 vos zones de jeu. En effet gr\u00e2ce \u00e0 elle, m\u00eame le rebond de la balle n\u2019a pas \u00e9t\u00e9 n\u00e9glig\u00e9 ! En plus, vous pourrez construire votre terrain dans plus de 20 couleurs diff\u00e9rentes ! N&#8217;h\u00e9sitez pas \u00e0 nous consulter.<\/p>\n\n\n\n<p><strong>Localis\u00e9 en France<\/strong> ? : Rendez-vous chez notre partenaire<a rel=\"noreferrer noopener\" aria-label=\" (s\u2019ouvre dans un nouvel onglet)\" href=\"https:\/\/www.module-2.com\/\" target=\"_blank\"> Module Carr\u00e9.<\/a> <\/p>\n","protected":false},"excerpt":{"rendered":"<p>Le monde du sport est r\u00e9volutionn\u00e9 avec notre sous-couche derni\u00e8re g\u00e9n\u00e9ration ! Avec l&#8217;aide de diff\u00e9rents professionnels du sport venant de tous les horizons, athl\u00e8tes, entra\u00eeneurs et m\u00e9decins, nous avons d\u00e9velopp\u00e9 une version de sous-couche unique sur le march\u00e9 pour votre sol de gymnase. De plus Naxos MASTER est certifi\u00e9 par l\u2019IHF \u2013 F\u00e9d\u00e9ration Internationale [&hellip;]<\/p>\n","protected":false},"author":1,"featured_media":0,"parent":0,"menu_order":0,"comment_status":"closed","ping_status":"closed","template":"","meta":[],"_links":{"self":[{"href":"https:\/\/www.sportspartner.fr\/index.php\/wp-json\/wp\/v2\/pages\/761"}],"collection":[{"href":"https:\/\/www.sportspartner.fr\/index.php\/wp-json\/wp\/v2\/pages"}],"about":[{"href":"https:\/\/www.sportspartner.fr\/index.php\/wp-json\/wp\/v2\/types\/page"}],"author":[{"embeddable":true,"href":"https:\/\/www.sportspartner.fr\/index.php\/wp-json\/wp\/v2\/users\/1"}],"replies":[{"embeddable":true,"href":"https:\/\/www.sportspartner.fr\/index.php\/wp-json\/wp\/v2\/comments?post=761"}],"version-history":[{"count":14,"href":"https:\/\/www.sportspartner.fr\/index.php\/wp-json\/wp\/v2\/pages\/761\/revisions"}],"predecessor-version":[{"id":790,"href":"https:\/\/www.sportspartner.fr\/index.php\/wp-json\/wp\/v2\/pages\/761\/revisions\/790"}],"wp:attachment":[{"href":"https:\/\/www.sportspartner.fr\/index.php\/wp-json\/wp\/v2\/media?parent=761"}],"curies":[{"name":"wp","href":"https:\/\/api.w.org\/{rel}","templated":true}]}}