{"id":7,"date":"2019-02-20T10:14:42","date_gmt":"2019-02-20T09:14:42","guid":{"rendered":"http:\/\/www.sportspartner.fr\/?page_id=7"},"modified":"2021-06-02T17:13:34","modified_gmt":"2021-06-02T15:13:34","slug":"accueil-sols-sportifs","status":"publish","type":"page","link":"https:\/\/www.sportspartner.fr\/","title":{"rendered":"Dalles clipsables et \u00e9quipements sportifs"},"content":{"rendered":"\n<p>Fabricant de rev\u00eatements de sols et d&#8217;\u00e9quipements d\u00e9di\u00e9s au sport depuis plus de 15 ans, <a href=\"https:\/\/www.sportspartner.com.pt\/fr\/\"><strong>Sport Partners<\/strong> <\/a>a d\u00e9velopp\u00e9 pour vous une <strong><a href=\"http:\/\/www.sportspartner.fr\/index.php\/utilisations\/\">gamme de sols sportif<\/a><\/strong><a href=\"http:\/\/www.sportspartner.fr\/index.php\/utilisations\/\"><strong>s<\/strong><\/a> aussi exclusifs que distinctifs ! <\/p>\n\n\n\n<figure class=\"wp-block-embed is-type-video is-provider-youtube wp-block-embed-youtube wp-embed-aspect-16-9 wp-has-aspect-ratio\"><div class=\"wp-block-embed__wrapper\">\n<iframe loading=\"lazy\" title=\"D\u00e9couvrez le sol sportif en dalles Sports Partner !\" width=\"1170\" height=\"658\" src=\"https:\/\/www.youtube.com\/embed\/_sQ7Y_6_9tc?feature=oembed\" frameborder=\"0\" allow=\"accelerometer; autoplay; clipboard-write; encrypted-media; gyroscope; picture-in-picture\" allowfullscreen><\/iframe>\n<\/div><\/figure>\n\n\n\n<figure class=\"wp-block-image size-large\"><img loading=\"lazy\" width=\"1024\" height=\"67\" src=\"http:\/\/www.sportspartner.fr\/wp-content\/uploads\/2021\/06\/sports-partner-et-module-carre\u0301-1024x67.jpg\" alt=\"\" class=\"wp-image-825\" srcset=\"https:\/\/www.sportspartner.fr\/wp-content\/uploads\/2021\/06\/sports-partner-et-module-carre\u0301-1024x67.jpg 1024w, https:\/\/www.sportspartner.fr\/wp-content\/uploads\/2021\/06\/sports-partner-et-module-carre\u0301-300x20.jpg 300w, https:\/\/www.sportspartner.fr\/wp-content\/uploads\/2021\/06\/sports-partner-et-module-carre\u0301-768x50.jpg 768w, https:\/\/www.sportspartner.fr\/wp-content\/uploads\/2021\/06\/sports-partner-et-module-carre\u0301-1536x101.jpg 1536w, https:\/\/www.sportspartner.fr\/wp-content\/uploads\/2021\/06\/sports-partner-et-module-carre\u0301-2048x135.jpg 2048w, https:\/\/www.sportspartner.fr\/wp-content\/uploads\/2021\/06\/sports-partner-et-module-carre\u0301-830x55.jpg 830w, https:\/\/www.sportspartner.fr\/wp-content\/uploads\/2021\/06\/sports-partner-et-module-carre\u0301-230x15.jpg 230w, https:\/\/www.sportspartner.fr\/wp-content\/uploads\/2021\/06\/sports-partner-et-module-carre\u0301-350x23.jpg 350w, https:\/\/www.sportspartner.fr\/wp-content\/uploads\/2021\/06\/sports-partner-et-module-carre\u0301-480x32.jpg 480w\" sizes=\"(max-width: 1024px) 100vw, 1024px\" \/><\/figure>\n\n\n\n<p><a href=\"https:\/\/www.module-2.com\"><strong>Module Carr\u00e9<\/strong><\/a>, le partenaire exclusif de <a href=\"https:\/\/www.sportspartner.com.pt\/fr\/\">Sports Partner<\/a> en France, vous pr\u00e9sente des rev\u00eatements de haute qualit\u00e9, faciles \u00e0 installer et \u00e0 d\u00e9sinstaller. <\/p>\n\n\n\n<p>Nos sols sportifs sont, litt\u00e9ralement, la base de nombreuses comp\u00e9titions nationales et internationales. Certains des meilleurs matchs sportifs ont \u00e9t\u00e9 jou\u00e9s dessus.  Encore r\u00e9ticent?  <\/p>\n\n\n\n<p>Et si nous vous disions que ces sols sont pr\u00eats  \u00e0 absorber les impacts, \u00e0 r\u00e9duire les blessures et \u00e0 minimiser la  fatigue des joueurs. Les spectateurs assistant \u00e0 des \u00e9v\u00e9nements sportifs m\u00e9ritent \u00e9galement notre attention. C\u2019est l\u00e0 que nous innovons \u00e0 nouveau avec les si\u00e8ges sport ERGO. Confortables et anti-vandalisme. Pour \u00e9viter de se perdre dans le r\u00e9sultat, nous proposons des tableaux d\u2019affichage \u00e9lectroniques \u00e0 technologie LED haute luminosit\u00e9.<\/p>\n\n\n\n<h3>Pourquoi choisir un sol sportif modulaire?<\/h3>\n\n\n\n<ul><li>C\u2019est la solution qui offre une plus grande \u00e9conomie, facilit\u00e9 et rapidit\u00e9 d\u2019installation ;<\/li><li>Constitu\u00e9e de modules faciles \u00e0 installer et \u00e0 d\u00e9monter, ils s\u2019appliquent \u00e0 tout type de surface rigide ou plane ;<\/li><li>Et cela, sans utiliser de colle. Les dalles sont amovibles et portables dans d\u2019autres espaces ;<\/li><li>En cas d\u2019accident, le remplacement des dalles est facile et rapide ;<\/li><li>Recommand\u00e9 pour la pratique sportive de plusieurs jeux (y compris le basketball et les sports \u00e0 roulettes) ;<\/li><li>Aucun frais de maintenance et garantie r\u00e9elle du fabricant de 15 ans ;<\/li><li>Meilleur rapport qualit\u00e9 \/ prix sur le march\u00e9 ;<\/li><\/ul>\n\n\n\n<hr class=\"wp-block-separator\"\/>\n\n\n\n<figure class=\"wp-block-image alignwide\"><img loading=\"lazy\" width=\"612\" height=\"545\" src=\"http:\/\/www.sportspartner.fr\/wp-content\/uploads\/2019\/03\/Patmos-Master-2.jpg\" alt=\"sol sportif\" class=\"wp-image-569\" srcset=\"https:\/\/www.sportspartner.fr\/wp-content\/uploads\/2019\/03\/Patmos-Master-2.jpg 612w, https:\/\/www.sportspartner.fr\/wp-content\/uploads\/2019\/03\/Patmos-Master-2-300x267.jpg 300w, https:\/\/www.sportspartner.fr\/wp-content\/uploads\/2019\/03\/Patmos-Master-2-230x205.jpg 230w, https:\/\/www.sportspartner.fr\/wp-content\/uploads\/2019\/03\/Patmos-Master-2-350x312.jpg 350w, https:\/\/www.sportspartner.fr\/wp-content\/uploads\/2019\/03\/Patmos-Master-2-480x427.jpg 480w\" sizes=\"(max-width: 612px) 100vw, 612px\" \/><\/figure>\n\n\n\n<div class=\"wp-block-button alignleft\"><a class=\"wp-block-button__link no-border-radius\" href=\"http:\/\/www.sportspartner.fr\/index.php\/sols-sportifs-interieurs\/\">INT\u00c9RIEUR<\/a><\/div>\n\n\n\n<div class=\"wp-block-button alignright\"><a class=\"wp-block-button__link no-border-radius\" href=\"http:\/\/www.sportspartner.fr\/index.php\/sols-sportifs-exterieurs\/\">EXT\u00c9RIEUR<\/a><\/div>\n\n\n\n<h4 class=\"has-text-align-center\">OU<\/h4>\n\n\n\n<div style=\"height:100px\" aria-hidden=\"true\" class=\"wp-block-spacer\"><\/div>\n\n\n\n<h2>Parlez nous de votre projet :<\/h2>\n\n\n<div role=\"form\" class=\"wpcf7\" id=\"wpcf7-f254-o1\" lang=\"fr-FR\" dir=\"ltr\">\n<div class=\"screen-reader-response\"><\/div>\n<form action=\"\/index.php\/wp-json\/wp\/v2\/pages\/7#wpcf7-f254-o1\" method=\"post\" class=\"wpcf7-form\" novalidate=\"novalidate\">\n<div style=\"display: none;\">\n<input type=\"hidden\" name=\"_wpcf7\" value=\"254\" \/>\n<input type=\"hidden\" name=\"_wpcf7_version\" value=\"5.1.3\" \/>\n<input type=\"hidden\" name=\"_wpcf7_locale\" value=\"fr_FR\" \/>\n<input type=\"hidden\" name=\"_wpcf7_unit_tag\" value=\"wpcf7-f254-o1\" \/>\n<input type=\"hidden\" name=\"_wpcf7_container_post\" value=\"0\" \/>\n<\/div>\n<p><label> Vous \u00eates ? (obligatoire)<br \/>\n<span class=\"wpcf7-form-control-wrap Partpro\"><input type=\"text\" name=\"Partpro\" value=\"\" size=\"40\" class=\"wpcf7-form-control wpcf7-text wpcf7-validates-as-required\" aria-required=\"true\" aria-invalid=\"false\" placeholder=\"Particulier ou professionnel\" \/><\/span> <\/label><\/p>\n<p><label> Nom<br \/>\n<span class=\"wpcf7-form-control-wrap NOM\"><input type=\"text\" name=\"NOM\" value=\"\" size=\"40\" class=\"wpcf7-form-control wpcf7-text wpcf7-validates-as-required\" aria-required=\"true\" aria-invalid=\"false\" placeholder=\"NOM\" \/><\/span> <\/label><\/p>\n<p><label> Pr\u00e9nom<br \/>\n<span class=\"wpcf7-form-control-wrap Prenom\"><input type=\"text\" name=\"Prenom\" value=\"\" size=\"40\" class=\"wpcf7-form-control wpcf7-text wpcf7-validates-as-required\" aria-required=\"true\" aria-invalid=\"false\" placeholder=\"Pr\u00e9nom\" \/><\/span><\/label><\/p>\n<p><label> Soci\u00e9t\u00e9<br \/>\n<span class=\"wpcf7-form-control-wrap Nomsociete\"><input type=\"text\" name=\"Nomsociete\" value=\"\" size=\"40\" class=\"wpcf7-form-control wpcf7-text\" aria-invalid=\"false\" placeholder=\"Nom soci\u00e9t\u00e9\" \/><\/span><\/label><\/p>\n<p><label> T\u00e9l\u00e9phone<br \/>\n<span class=\"wpcf7-form-control-wrap Telephone\"><input type=\"tel\" name=\"Telephone\" value=\"\" size=\"40\" class=\"wpcf7-form-control wpcf7-text wpcf7-tel wpcf7-validates-as-required wpcf7-validates-as-tel\" aria-required=\"true\" aria-invalid=\"false\" placeholder=\"T\u00e9l\u00e9phone\" \/><\/span> <\/label><\/p>\n<p><label> Adresse mail<br \/>\n<span class=\"wpcf7-form-control-wrap Adressemail\"><input type=\"email\" name=\"Adressemail\" value=\"\" size=\"40\" class=\"wpcf7-form-control wpcf7-text wpcf7-email wpcf7-validates-as-required wpcf7-validates-as-email\" aria-required=\"true\" aria-invalid=\"false\" placeholder=\"Adresse mail\" \/><\/span><\/label><\/p>\n<p><label> Adresse Postale<br \/>\n<span class=\"wpcf7-form-control-wrap Adressepostale\"><input type=\"text\" name=\"Adressepostale\" value=\"\" size=\"40\" class=\"wpcf7-form-control wpcf7-text wpcf7-validates-as-required\" aria-required=\"true\" aria-invalid=\"false\" placeholder=\"Adresse postale\" \/><\/span> <\/label><\/p>\n<p><label> Code postal<br \/>\n<span class=\"wpcf7-form-control-wrap Codepostal\"><input type=\"text\" name=\"Codepostal\" value=\"\" size=\"40\" class=\"wpcf7-form-control wpcf7-text wpcf7-validates-as-required\" aria-required=\"true\" aria-invalid=\"false\" placeholder=\"Code Postal\" \/><\/span> <\/label><\/p>\n<p><label> Ville<br \/>\n<span class=\"wpcf7-form-control-wrap Ville\"><input type=\"text\" name=\"Ville\" value=\"\" size=\"40\" class=\"wpcf7-form-control wpcf7-text wpcf7-validates-as-required\" aria-required=\"true\" aria-invalid=\"false\" placeholder=\"Ville\" \/><\/span><\/label><\/p>\n<p><label> Surface du projet<br \/>\n<span class=\"wpcf7-form-control-wrap Surfaceduprojet\"><input type=\"text\" name=\"Surfaceduprojet\" value=\"\" size=\"40\" class=\"wpcf7-form-control wpcf7-text wpcf7-validates-as-required\" aria-required=\"true\" aria-invalid=\"false\" placeholder=\"Surface du projet\" \/><\/span> <\/label><\/p>\n<p><label> Description du projet<br \/>\n<span class=\"wpcf7-form-control-wrap Descriprojet\"><textarea name=\"Descriprojet\" cols=\"40\" rows=\"10\" class=\"wpcf7-form-control wpcf7-textarea wpcf7-validates-as-required\" aria-required=\"true\" aria-invalid=\"false\" placeholder=\"Description de projet\"><\/textarea><\/span><\/label><\/p>\n<p><label> J'accepte d'\u00eatre contact\u00e9(e)<br \/>\n    <span class=\"wpcf7-form-control-wrap Contactok\"><span class=\"wpcf7-form-control wpcf7-checkbox wpcf7-validates-as-required\"><span class=\"wpcf7-list-item first\"><span class=\"wpcf7-list-item-label\">Oui<\/span><input type=\"checkbox\" name=\"Contactok[]\" value=\"Oui\" \/><\/span><span class=\"wpcf7-list-item last\"><span class=\"wpcf7-list-item-label\">Non<\/span><input type=\"checkbox\" name=\"Contactok[]\" value=\"Non\" \/><\/span><\/span><\/span><\/p>\n<p><label> En fournissant mon e-mail, je reconnais avoir pris connaissance de la politique de confidentialit\u00e9 (traitement et utilisation des donn\u00e9es) disponible dans la rubrique \"Mentions L\u00e9gales\".<br \/>\nVous pourrez demandez \u00e0 ne plus \u00eatre contact\u00e9 \u00e0 n'importe quel moment en nous adressant un mail \u00e0 l'adresse : contact@module-2.com<br \/>\n    <span class=\"wpcf7-form-control-wrap Contactok\"><span class=\"wpcf7-form-control wpcf7-checkbox wpcf7-validates-as-required\"><span class=\"wpcf7-list-item first\"><span class=\"wpcf7-list-item-label\">Oui<\/span><input type=\"checkbox\" name=\"Contactok[]\" value=\"Oui\" \/><\/span><span class=\"wpcf7-list-item last\"><span class=\"wpcf7-list-item-label\">Non<\/span><input type=\"checkbox\" name=\"Contactok[]\" value=\"Non\" \/><\/span><\/span><\/span><\/p>\n<p><input type=\"submit\" value=\"Envoyer\" class=\"wpcf7-form-control wpcf7-submit\" \/><\/p>\n<div class=\"wpcf7-response-output wpcf7-display-none\"><\/div><\/form><\/div>\n\n\n\n<figure class=\"wp-block-image size-large\"><img loading=\"lazy\" width=\"1024\" height=\"67\" src=\"http:\/\/www.sportspartner.fr\/wp-content\/uploads\/2021\/06\/sports-partner-et-module-carre\u0301-1024x67.jpg\" alt=\"\" class=\"wp-image-825\" srcset=\"https:\/\/www.sportspartner.fr\/wp-content\/uploads\/2021\/06\/sports-partner-et-module-carre\u0301-1024x67.jpg 1024w, https:\/\/www.sportspartner.fr\/wp-content\/uploads\/2021\/06\/sports-partner-et-module-carre\u0301-300x20.jpg 300w, https:\/\/www.sportspartner.fr\/wp-content\/uploads\/2021\/06\/sports-partner-et-module-carre\u0301-768x50.jpg 768w, https:\/\/www.sportspartner.fr\/wp-content\/uploads\/2021\/06\/sports-partner-et-module-carre\u0301-1536x101.jpg 1536w, https:\/\/www.sportspartner.fr\/wp-content\/uploads\/2021\/06\/sports-partner-et-module-carre\u0301-2048x135.jpg 2048w, https:\/\/www.sportspartner.fr\/wp-content\/uploads\/2021\/06\/sports-partner-et-module-carre\u0301-830x55.jpg 830w, https:\/\/www.sportspartner.fr\/wp-content\/uploads\/2021\/06\/sports-partner-et-module-carre\u0301-230x15.jpg 230w, https:\/\/www.sportspartner.fr\/wp-content\/uploads\/2021\/06\/sports-partner-et-module-carre\u0301-350x23.jpg 350w, https:\/\/www.sportspartner.fr\/wp-content\/uploads\/2021\/06\/sports-partner-et-module-carre\u0301-480x32.jpg 480w\" sizes=\"(max-width: 1024px) 100vw, 1024px\" \/><\/figure>\n","protected":false},"excerpt":{"rendered":"<p>Fabricant de rev\u00eatements de sols et d&#8217;\u00e9quipements d\u00e9di\u00e9s au sport depuis plus de 15 ans, Sport Partners a d\u00e9velopp\u00e9 pour vous une gamme de sols sportifs aussi exclusifs que distinctifs ! Module Carr\u00e9, le partenaire exclusif de Sports Partner en France, vous pr\u00e9sente des rev\u00eatements de haute qualit\u00e9, faciles \u00e0 installer et \u00e0 d\u00e9sinstaller. Nos [&hellip;]<\/p>\n","protected":false},"author":1,"featured_media":0,"parent":0,"menu_order":0,"comment_status":"closed","ping_status":"closed","template":"","meta":[],"_links":{"self":[{"href":"https:\/\/www.sportspartner.fr\/index.php\/wp-json\/wp\/v2\/pages\/7"}],"collection":[{"href":"https:\/\/www.sportspartner.fr\/index.php\/wp-json\/wp\/v2\/pages"}],"about":[{"href":"https:\/\/www.sportspartner.fr\/index.php\/wp-json\/wp\/v2\/types\/page"}],"author":[{"embeddable":true,"href":"https:\/\/www.sportspartner.fr\/index.php\/wp-json\/wp\/v2\/users\/1"}],"replies":[{"embeddable":true,"href":"https:\/\/www.sportspartner.fr\/index.php\/wp-json\/wp\/v2\/comments?post=7"}],"version-history":[{"count":19,"href":"https:\/\/www.sportspartner.fr\/index.php\/wp-json\/wp\/v2\/pages\/7\/revisions"}],"predecessor-version":[{"id":826,"href":"https:\/\/www.sportspartner.fr\/index.php\/wp-json\/wp\/v2\/pages\/7\/revisions\/826"}],"wp:attachment":[{"href":"https:\/\/www.sportspartner.fr\/index.php\/wp-json\/wp\/v2\/media?parent=7"}],"curies":[{"name":"wp","href":"https:\/\/api.w.org\/{rel}","templated":true}]}}