{"id":563,"date":"2019-03-20T18:38:13","date_gmt":"2019-03-20T17:38:13","guid":{"rendered":"http:\/\/www.sportspartner.fr\/?page_id=563"},"modified":"2019-04-04T17:43:42","modified_gmt":"2019-04-04T15:43:42","slug":"choisir-un-sol-sportif-exterieur","status":"publish","type":"page","link":"https:\/\/www.sportspartner.fr\/index.php\/choisir-un-sol-sportif-exterieur\/","title":{"rendered":"Patmos MASTER"},"content":{"rendered":"\n<p>Le dernier n\u00e9 de la gamme Patmos : un seul module pour une double fonctionnalit\u00e9. Choisir le bon sol sportif ext\u00e9rieur n&#8217;a jamais \u00e9t\u00e9 aussi simple !<\/p>\n\n\n\n<p>Le vrai r\u00eave de tout athl\u00e8te est arriv\u00e9 dans le monde du sport. Vous pouvez dor\u00e9navant choisir un sol sportif ext\u00e9rieur b\u00e9n\u00e9ficiant de tous les avantages d&#8217;un sol int\u00e9rieur sans oublier le drainage de l&#8217;eau. Gr\u00e2ce au syst\u00e8me d\u2019amortissement, nous garantissons un plancher d\u2019excellence pour les sportifs.  <br>Notre syst\u00e8me de rembourrage en caoutchouc avec une forme ondul\u00e9e et un coussin d&#8217;air incorpor\u00e9 directement dans le module assure un haut niveau de s\u00e9curit\u00e9 et de confort.  Tout en maintenant une capacit\u00e9 de drainage rapide de l&#8217;eau .<\/p>\n\n\n\n<p><strong>Fiche produit<\/strong><\/p>\n\n\n\n<ul><li>Dimension : 25 x 25 x 1,1cm &#8211; livraison en dalles pr\u00e9-assembl\u00e9es de 1m\u00b2 <\/li><li>Approuv\u00e9 EN 14877 (rev\u00eatements synth\u00e9tiques pour terrains de sport en plein air)<\/li><li>Garantie : 15 ans<\/li><li>R\u00e9sistance au solvant : Excellente<\/li><li>R\u00e9ceptivit\u00e9 de la peinture : Tr\u00e8s bonne (marquage en usine possible)<\/li><li>Trait\u00e9 pour r\u00e9sister aux rayons UVs<\/li><li>Sous-couche drainante: int\u00e9gr\u00e9e \u00e0 la dalle<\/li><\/ul>\n\n\n\n<ul class=\"wp-block-gallery columns-2 is-cropped\"><li class=\"blocks-gallery-item\"><figure><img loading=\"lazy\" width=\"673\" height=\"539\" src=\"http:\/\/www.sportspartner.fr\/wp-content\/uploads\/2019\/03\/Patmos_Master_3D_2.jpg\" alt=\"\" data-id=\"566\" data-link=\"http:\/\/www.sportspartner.fr\/?attachment_id=566\" class=\"wp-image-566\" srcset=\"https:\/\/www.sportspartner.fr\/wp-content\/uploads\/2019\/03\/Patmos_Master_3D_2.jpg 673w, https:\/\/www.sportspartner.fr\/wp-content\/uploads\/2019\/03\/Patmos_Master_3D_2-300x240.jpg 300w, https:\/\/www.sportspartner.fr\/wp-content\/uploads\/2019\/03\/Patmos_Master_3D_2-230x184.jpg 230w, https:\/\/www.sportspartner.fr\/wp-content\/uploads\/2019\/03\/Patmos_Master_3D_2-350x280.jpg 350w, https:\/\/www.sportspartner.fr\/wp-content\/uploads\/2019\/03\/Patmos_Master_3D_2-480x384.jpg 480w\" sizes=\"(max-width: 673px) 100vw, 673px\" \/><\/figure><\/li><li class=\"blocks-gallery-item\"><figure><img loading=\"lazy\" width=\"438\" height=\"519\" src=\"http:\/\/www.sportspartner.fr\/wp-content\/uploads\/2019\/03\/Sch\u00e9ma_Patmos-Master-1.jpg\" alt=\"\" data-id=\"567\" data-link=\"http:\/\/www.sportspartner.fr\/?attachment_id=567\" class=\"wp-image-567\" srcset=\"https:\/\/www.sportspartner.fr\/wp-content\/uploads\/2019\/03\/Sch\u00e9ma_Patmos-Master-1.jpg 438w, https:\/\/www.sportspartner.fr\/wp-content\/uploads\/2019\/03\/Sch\u00e9ma_Patmos-Master-1-253x300.jpg 253w, https:\/\/www.sportspartner.fr\/wp-content\/uploads\/2019\/03\/Sch\u00e9ma_Patmos-Master-1-230x273.jpg 230w, https:\/\/www.sportspartner.fr\/wp-content\/uploads\/2019\/03\/Sch\u00e9ma_Patmos-Master-1-350x415.jpg 350w\" sizes=\"(max-width: 438px) 100vw, 438px\" \/><\/figure><\/li><\/ul>\n\n\n\n<h3>Choisir le bon sol sportif ext\u00e9rieur :  l&#8217;int\u00e9r\u00eat du syst\u00e8me d&#8217;amortissement<\/h3>\n\n\n\n<p>Patmos Master pr\u00e9sente des ouvertures circonf\u00e9rentielles sp\u00e9cialement con\u00e7ues pour permettre la circulation de l&#8217;air dans la partie inf\u00e9rieure du module. Et ainsi \u00e9liminer toute trace d&#8217;humidit\u00e9 (maintien de l&#8217;adh\u00e9rence). <br>Ce syst\u00e8me permet \u00e9galement de niveler les irr\u00e9gularit\u00e9s de la base pour lui conf\u00e9rer un amorti uniforme sur toute la surface. De plus, Patmos Master absorbe les chocs verticaux et am\u00e9liore l&#8217;isolation phonique lors du rebond de la balle.<\/p>\n\n\n\n<figure class=\"wp-block-image\"><img loading=\"lazy\" width=\"614\" height=\"396\" src=\"http:\/\/www.sportspartner.fr\/wp-content\/uploads\/2019\/03\/melhorara_pratica_patmos.jpg\" alt=\"\" class=\"wp-image-568\" srcset=\"https:\/\/www.sportspartner.fr\/wp-content\/uploads\/2019\/03\/melhorara_pratica_patmos.jpg 614w, https:\/\/www.sportspartner.fr\/wp-content\/uploads\/2019\/03\/melhorara_pratica_patmos-300x193.jpg 300w, https:\/\/www.sportspartner.fr\/wp-content\/uploads\/2019\/03\/melhorara_pratica_patmos-230x148.jpg 230w, https:\/\/www.sportspartner.fr\/wp-content\/uploads\/2019\/03\/melhorara_pratica_patmos-350x226.jpg 350w, https:\/\/www.sportspartner.fr\/wp-content\/uploads\/2019\/03\/melhorara_pratica_patmos-480x310.jpg 480w\" sizes=\"(max-width: 614px) 100vw, 614px\" \/><\/figure>\n\n\n\n<h3>Choisir le bon sol sportif ext\u00e9rieur : double fonctionnalit\u00e9 int\u00e9gr\u00e9e dans un seul module<\/h3>\n\n\n\n<p><strong>Capacit\u00e9 d&#8217;\u00e9vacuation rapide de l&#8217;eau :<\/strong><br>Patmos Master a \u00e9t\u00e9 d\u00e9velopp\u00e9 pour drainer l&#8217;eau rapidement gr\u00e2ce \u00e0 sa sous couche unique.<\/p>\n\n\n\n<p><strong>Contr\u00f4le de l&#8217;amortissement, du confort et de l&#8217;humidit\u00e9 :<\/strong><br>La sous couche en caoutchouc ondul\u00e9 en forme de coussin d&#8217;air int\u00e9gr\u00e9 au module assure un amortissement uniforme sur toute la surface. Et permet ainsi l&#8217;absorption des chocs verticaux. Il supprime les irr\u00e9gularit\u00e9s de la base et toute humidit\u00e9 \u00e9ventuelle gr\u00e2ce aux ouvertures circonf\u00e9rentielles. Car elles sont sp\u00e9cialement con\u00e7ues pour la circulation de l\u2019air dans la partie inf\u00e9rieure du module. Tout en maintenant sa capacit\u00e9 de drainage rapide de l&#8217;eau n\u00e9cessaire \u00e0 l&#8217;ext\u00e9rieur et \u00e0 l&#8217;adh\u00e9rence du sol.<\/p>\n\n\n\n<figure class=\"wp-block-image\"><img loading=\"lazy\" width=\"612\" height=\"545\" src=\"http:\/\/www.sportspartner.fr\/wp-content\/uploads\/2019\/03\/Patmos-Master-2.jpg\" alt=\"\" class=\"wp-image-569\" srcset=\"https:\/\/www.sportspartner.fr\/wp-content\/uploads\/2019\/03\/Patmos-Master-2.jpg 612w, https:\/\/www.sportspartner.fr\/wp-content\/uploads\/2019\/03\/Patmos-Master-2-300x267.jpg 300w, https:\/\/www.sportspartner.fr\/wp-content\/uploads\/2019\/03\/Patmos-Master-2-230x205.jpg 230w, https:\/\/www.sportspartner.fr\/wp-content\/uploads\/2019\/03\/Patmos-Master-2-350x312.jpg 350w, https:\/\/www.sportspartner.fr\/wp-content\/uploads\/2019\/03\/Patmos-Master-2-480x427.jpg 480w\" sizes=\"(max-width: 612px) 100vw, 612px\" \/><\/figure>\n\n\n\n<h3>Parfait pour am\u00e9liorer le sport <\/h3>\n\n\n\n<p>D\u00e9velopp\u00e9 par les sportifs en collaboration avec nos partenaires et des professionnels du sport, Patmos Master est id\u00e9al pour am\u00e9liorer les sports de plein air. <br>Sa finition de surface sp\u00e9ciale offre d&#8217;excellents niveaux d&#8217;adh\u00e9rence et une finition mate mate qui \u00e9limine les reflets. L&#8217;amortissement lat\u00e9ral par les espaces millim\u00e9triques (7 points d&#8217;encrage) entre les modules est la meilleure solution pour les sports tr\u00e8s exigeants. Offrant confort et protection aux athl\u00e8tes dans leurs rotations \/ articulations.<\/p>\n\n\n\n<figure class=\"wp-block-image\"><img loading=\"lazy\" width=\"614\" height=\"396\" src=\"http:\/\/www.sportspartner.fr\/wp-content\/uploads\/2019\/03\/Patmos-Master-1.jpg\" alt=\"\" class=\"wp-image-570\" srcset=\"https:\/\/www.sportspartner.fr\/wp-content\/uploads\/2019\/03\/Patmos-Master-1.jpg 614w, https:\/\/www.sportspartner.fr\/wp-content\/uploads\/2019\/03\/Patmos-Master-1-300x193.jpg 300w, https:\/\/www.sportspartner.fr\/wp-content\/uploads\/2019\/03\/Patmos-Master-1-230x148.jpg 230w, https:\/\/www.sportspartner.fr\/wp-content\/uploads\/2019\/03\/Patmos-Master-1-350x226.jpg 350w, https:\/\/www.sportspartner.fr\/wp-content\/uploads\/2019\/03\/Patmos-Master-1-480x310.jpg 480w\" sizes=\"(max-width: 614px) 100vw, 614px\" \/><\/figure>\n\n\n\n<h2> Modularit\u00e9 et \u00e9conomies  <\/h2>\n\n\n\n<p>En plus d&#8217;\u00eatre rapide \u00e0 poser, Patmos Master peut \u00eatre install\u00e9 et d\u00e9sinstall\u00e9 de fa\u00e7on presque illimit\u00e9 gr\u00e2ce \u00e0 ses 7 points de fixation tr\u00e8s r\u00e9sistants. Les rampes et angles sont disponibles dans les m\u00eames coloris que le sol pour d\u00e9limiter et s\u00e9curiser vos terrains de jeu.<\/p>\n\n\n\n<figure class=\"wp-block-image\"><img loading=\"lazy\" width=\"600\" height=\"394\" src=\"http:\/\/www.sportspartner.fr\/wp-content\/uploads\/2019\/03\/Patmos-et-accessoires-1.jpg\" alt=\"\" class=\"wp-image-586\" srcset=\"https:\/\/www.sportspartner.fr\/wp-content\/uploads\/2019\/03\/Patmos-et-accessoires-1.jpg 600w, https:\/\/www.sportspartner.fr\/wp-content\/uploads\/2019\/03\/Patmos-et-accessoires-1-300x197.jpg 300w, https:\/\/www.sportspartner.fr\/wp-content\/uploads\/2019\/03\/Patmos-et-accessoires-1-230x151.jpg 230w, https:\/\/www.sportspartner.fr\/wp-content\/uploads\/2019\/03\/Patmos-et-accessoires-1-350x230.jpg 350w, https:\/\/www.sportspartner.fr\/wp-content\/uploads\/2019\/03\/Patmos-et-accessoires-1-480x315.jpg 480w\" sizes=\"(max-width: 600px) 100vw, 600px\" \/><\/figure>\n","protected":false},"excerpt":{"rendered":"<p>Le dernier n\u00e9 de la gamme Patmos : un seul module pour une double fonctionnalit\u00e9. Choisir le bon sol sportif ext\u00e9rieur n&#8217;a jamais \u00e9t\u00e9 aussi simple ! Le vrai r\u00eave de tout athl\u00e8te est arriv\u00e9 dans le monde du sport. Vous pouvez dor\u00e9navant choisir un sol sportif ext\u00e9rieur b\u00e9n\u00e9ficiant de tous les avantages d&#8217;un sol [&hellip;]<\/p>\n","protected":false},"author":1,"featured_media":0,"parent":0,"menu_order":0,"comment_status":"closed","ping_status":"closed","template":"","meta":[],"_links":{"self":[{"href":"https:\/\/www.sportspartner.fr\/index.php\/wp-json\/wp\/v2\/pages\/563"}],"collection":[{"href":"https:\/\/www.sportspartner.fr\/index.php\/wp-json\/wp\/v2\/pages"}],"about":[{"href":"https:\/\/www.sportspartner.fr\/index.php\/wp-json\/wp\/v2\/types\/page"}],"author":[{"embeddable":true,"href":"https:\/\/www.sportspartner.fr\/index.php\/wp-json\/wp\/v2\/users\/1"}],"replies":[{"embeddable":true,"href":"https:\/\/www.sportspartner.fr\/index.php\/wp-json\/wp\/v2\/comments?post=563"}],"version-history":[{"count":9,"href":"https:\/\/www.sportspartner.fr\/index.php\/wp-json\/wp\/v2\/pages\/563\/revisions"}],"predecessor-version":[{"id":682,"href":"https:\/\/www.sportspartner.fr\/index.php\/wp-json\/wp\/v2\/pages\/563\/revisions\/682"}],"wp:attachment":[{"href":"https:\/\/www.sportspartner.fr\/index.php\/wp-json\/wp\/v2\/media?parent=563"}],"curies":[{"name":"wp","href":"https:\/\/api.w.org\/{rel}","templated":true}]}}