{"id":348,"date":"2019-02-21T09:17:46","date_gmt":"2019-02-21T08:17:46","guid":{"rendered":"http:\/\/www.sportspartner.fr\/?page_id=348"},"modified":"2019-04-04T17:55:09","modified_gmt":"2019-04-04T15:55:09","slug":"poteaux-de-volleyball-badminton","status":"publish","type":"page","link":"https:\/\/www.sportspartner.fr\/index.php\/poteaux-de-volleyball-badminton\/","title":{"rendered":"Poteaux de Volleyball \/ Badminton"},"content":{"rendered":"\n<ul><li>Nos poteaux de <strong>jeux multi-usages<\/strong> sont fabriqu\u00e9s avec des profil\u00e9s ronds en aluminium laqu\u00e9s et renforc\u00e9s de <strong>80 mm<\/strong>. Avec <strong>syst\u00e8me de mise en tension du filet<\/strong>, ils sont faciles \u00e0 mettre en place et disposent de <strong>roues en caoutchouc <\/strong>pour un transport facile. Ils permettent toute hauteur officielle pour : <a href=\"http:\/\/www.sportspartner.fr\/index.php\/poteaux-de-tennis\/\"><strong>le Tennis<\/strong><\/a><strong>, le Badminton et le Volleyball<\/strong>. L&#8217;ensemble comprend : un <strong>contrepoids avec des roues<\/strong> et deux points de fixations au sol. Et ils ont \u00e9galement une variante en profil\u00e9s ronds aluminium laqu\u00e9s et renforc\u00e9s de <strong>120 mm<\/strong>. <\/li><li>Nos poteaux fixes de Volleyball sont fabriqu\u00e9s avec des profil\u00e9s ronds en aluminium laqu\u00e9s et renforc\u00e9s de <strong>120 mm.<\/strong>  Avec <strong>syst\u00e8me de mise en tension du filet<\/strong>, facile \u00e0 mettre en place. Fabriqu\u00e9 selon la normes EN1271.  <br>Ces poteaux sont \u00e9galement disponibles en profil\u00e9s ronds aluminium laqu\u00e9s et renforc\u00e9s de <strong>80 mm\u00a0<\/strong>ou\u00a0avec<strong>\u00a0un\u00a0syst\u00e8me\u00a0de\u00a0tension\u00a0du\u00a0filet\u00a0par\u00a0treuil\u00a0manuel.<\/strong><\/li><li>Nous avons \u00e9galement les filets.  N&#8217;h\u00e9sitez pas \u00e0 demander nos fiches techniques !<\/li><\/ul>\n\n\n\n<div class=\"wp-block-button is-style-squared\"><a class=\"wp-block-button__link\" href=\"http:\/\/www.sportspartner.fr\/index.php\/demande-de-devis\/\">Demande de devis<\/a><\/div>\n\n\n\n<ul class=\"wp-block-gallery columns-3 is-cropped\"><li class=\"blocks-gallery-item\"><figure><img loading=\"lazy\" width=\"399\" height=\"552\" src=\"http:\/\/www.sportspartner.fr\/wp-content\/uploads\/2019\/02\/Poteaux-fixes-de-Volleyball-VOLE0013.png\" alt=\"\" data-id=\"349\" data-link=\"http:\/\/www.sportspartner.fr\/?attachment_id=349\" class=\"wp-image-349\" srcset=\"https:\/\/www.sportspartner.fr\/wp-content\/uploads\/2019\/02\/Poteaux-fixes-de-Volleyball-VOLE0013.png 399w, https:\/\/www.sportspartner.fr\/wp-content\/uploads\/2019\/02\/Poteaux-fixes-de-Volleyball-VOLE0013-217x300.png 217w, https:\/\/www.sportspartner.fr\/wp-content\/uploads\/2019\/02\/Poteaux-fixes-de-Volleyball-VOLE0013-230x318.png 230w, https:\/\/www.sportspartner.fr\/wp-content\/uploads\/2019\/02\/Poteaux-fixes-de-Volleyball-VOLE0013-350x484.png 350w\" sizes=\"(max-width: 399px) 100vw, 399px\" \/><figcaption>Poteaux multi-sport<\/figcaption><\/figure><\/li><li class=\"blocks-gallery-item\"><figure><img loading=\"lazy\" width=\"628\" height=\"1024\" src=\"http:\/\/www.sportspartner.fr\/wp-content\/uploads\/2019\/02\/Poteaux-portables-de-volleyball-VOLE0006-628x1024.png\" alt=\"\" data-id=\"352\" data-link=\"http:\/\/www.sportspartner.fr\/?attachment_id=352\" class=\"wp-image-352\" srcset=\"https:\/\/www.sportspartner.fr\/wp-content\/uploads\/2019\/02\/Poteaux-portables-de-volleyball-VOLE0006-628x1024.png 628w, https:\/\/www.sportspartner.fr\/wp-content\/uploads\/2019\/02\/Poteaux-portables-de-volleyball-VOLE0006-184x300.png 184w, https:\/\/www.sportspartner.fr\/wp-content\/uploads\/2019\/02\/Poteaux-portables-de-volleyball-VOLE0006-230x375.png 230w, https:\/\/www.sportspartner.fr\/wp-content\/uploads\/2019\/02\/Poteaux-portables-de-volleyball-VOLE0006-350x571.png 350w, https:\/\/www.sportspartner.fr\/wp-content\/uploads\/2019\/02\/Poteaux-portables-de-volleyball-VOLE0006-480x783.png 480w, https:\/\/www.sportspartner.fr\/wp-content\/uploads\/2019\/02\/Poteaux-portables-de-volleyball-VOLE0006.png 680w\" sizes=\"(max-width: 628px) 100vw, 628px\" \/><figcaption>Poteaux Volleyball <\/figcaption><\/figure><\/li><li class=\"blocks-gallery-item\"><figure><img loading=\"lazy\" width=\"432\" height=\"1024\" src=\"http:\/\/www.sportspartner.fr\/wp-content\/uploads\/2019\/02\/Poteaux-portables-de-volleyball-VOLE0006-VOLE0002-1-432x1024.jpg\" alt=\"\" data-id=\"351\" data-link=\"http:\/\/www.sportspartner.fr\/?attachment_id=351\" class=\"wp-image-351\" srcset=\"https:\/\/www.sportspartner.fr\/wp-content\/uploads\/2019\/02\/Poteaux-portables-de-volleyball-VOLE0006-VOLE0002-1-432x1024.jpg 432w, https:\/\/www.sportspartner.fr\/wp-content\/uploads\/2019\/02\/Poteaux-portables-de-volleyball-VOLE0006-VOLE0002-1-127x300.jpg 127w, https:\/\/www.sportspartner.fr\/wp-content\/uploads\/2019\/02\/Poteaux-portables-de-volleyball-VOLE0006-VOLE0002-1-768x1820.jpg 768w, https:\/\/www.sportspartner.fr\/wp-content\/uploads\/2019\/02\/Poteaux-portables-de-volleyball-VOLE0006-VOLE0002-1-830x1967.jpg 830w, https:\/\/www.sportspartner.fr\/wp-content\/uploads\/2019\/02\/Poteaux-portables-de-volleyball-VOLE0006-VOLE0002-1-230x545.jpg 230w, https:\/\/www.sportspartner.fr\/wp-content\/uploads\/2019\/02\/Poteaux-portables-de-volleyball-VOLE0006-VOLE0002-1-350x829.jpg 350w, https:\/\/www.sportspartner.fr\/wp-content\/uploads\/2019\/02\/Poteaux-portables-de-volleyball-VOLE0006-VOLE0002-1-480x1137.jpg 480w, https:\/\/www.sportspartner.fr\/wp-content\/uploads\/2019\/02\/Poteaux-portables-de-volleyball-VOLE0006-VOLE0002-1.jpg 1547w\" sizes=\"(max-width: 432px) 100vw, 432px\" \/><figcaption>Syst\u00e8me de tension du filet (sans treuil)<\/figcaption><\/figure><\/li><li class=\"blocks-gallery-item\"><figure><img loading=\"lazy\" width=\"450\" height=\"540\" src=\"http:\/\/www.sportspartner.fr\/wp-content\/uploads\/2019\/02\/Poteaux-portables-de-volleyball-VOLE0006-2.jpg\" alt=\"\" data-id=\"350\" data-link=\"http:\/\/www.sportspartner.fr\/?attachment_id=350\" class=\"wp-image-350\" srcset=\"https:\/\/www.sportspartner.fr\/wp-content\/uploads\/2019\/02\/Poteaux-portables-de-volleyball-VOLE0006-2.jpg 450w, https:\/\/www.sportspartner.fr\/wp-content\/uploads\/2019\/02\/Poteaux-portables-de-volleyball-VOLE0006-2-250x300.jpg 250w, https:\/\/www.sportspartner.fr\/wp-content\/uploads\/2019\/02\/Poteaux-portables-de-volleyball-VOLE0006-2-230x276.jpg 230w, https:\/\/www.sportspartner.fr\/wp-content\/uploads\/2019\/02\/Poteaux-portables-de-volleyball-VOLE0006-2-350x420.jpg 350w\" sizes=\"(max-width: 450px) 100vw, 450px\" \/><figcaption>Poteaux Volleyball fixe<\/figcaption><\/figure><\/li><\/ul>\n","protected":false},"excerpt":{"rendered":"<p>Nos poteaux de jeux multi-usages sont fabriqu\u00e9s avec des profil\u00e9s ronds en aluminium laqu\u00e9s et renforc\u00e9s de 80 mm. Avec syst\u00e8me de mise en tension du filet, ils sont faciles \u00e0 mettre en place et disposent de roues en caoutchouc pour un transport facile. Ils permettent toute hauteur officielle pour : le Tennis, le Badminton [&hellip;]<\/p>\n","protected":false},"author":1,"featured_media":0,"parent":0,"menu_order":0,"comment_status":"closed","ping_status":"closed","template":"","meta":[],"_links":{"self":[{"href":"https:\/\/www.sportspartner.fr\/index.php\/wp-json\/wp\/v2\/pages\/348"}],"collection":[{"href":"https:\/\/www.sportspartner.fr\/index.php\/wp-json\/wp\/v2\/pages"}],"about":[{"href":"https:\/\/www.sportspartner.fr\/index.php\/wp-json\/wp\/v2\/types\/page"}],"author":[{"embeddable":true,"href":"https:\/\/www.sportspartner.fr\/index.php\/wp-json\/wp\/v2\/users\/1"}],"replies":[{"embeddable":true,"href":"https:\/\/www.sportspartner.fr\/index.php\/wp-json\/wp\/v2\/comments?post=348"}],"version-history":[{"count":3,"href":"https:\/\/www.sportspartner.fr\/index.php\/wp-json\/wp\/v2\/pages\/348\/revisions"}],"predecessor-version":[{"id":689,"href":"https:\/\/www.sportspartner.fr\/index.php\/wp-json\/wp\/v2\/pages\/348\/revisions\/689"}],"wp:attachment":[{"href":"https:\/\/www.sportspartner.fr\/index.php\/wp-json\/wp\/v2\/media?parent=348"}],"curies":[{"name":"wp","href":"https:\/\/api.w.org\/{rel}","templated":true}]}}