{"id":30,"date":"2019-02-20T11:33:09","date_gmt":"2019-02-20T10:33:09","guid":{"rendered":"http:\/\/www.sportspartner.fr\/?page_id=30"},"modified":"2019-03-26T17:36:10","modified_gmt":"2019-03-26T16:36:10","slug":"equipements-sportifs","status":"publish","type":"page","link":"https:\/\/www.sportspartner.fr\/index.php\/equipements-sportifs\/","title":{"rendered":"Equipements sportifs"},"content":{"rendered":"\n<p>Sans eux, il n&#8217;y aurait pas de <a href=\"http:\/\/www.sportspartner.fr\/index.php\/cage-fixe-de-handball-futsal\/\">cages de buts<\/a>, <a href=\"http:\/\/www.sportspartner.fr\/index.php\/tableaux-daffichages\/\">pas de points<\/a>, pas de c\u00e9l\u00e9brations de victoire ni de d\u00e9ception suite \u00e0 une d\u00e9faite. Sans eux il n&#8217;y aurait juste pas de sport ! Car les \u00e9quipements sportifs sont une partie fondamentale de tout jeu&#8230; .<\/p>\n\n\n\n<p>Sport Partners fabrique toutes sortes d&#8217;\u00e9quipements. Des cages de buts, des panneaux d&#8217;affichage, parmi tant d&#8217;autres. Pour faire simple, tout le &#8220;mat\u00e9riel de sport&#8221; dont vous pourriez avoir besoin&#8230;nous le produisons. D\u00e9couvrez sans plus attendre la diversit\u00e9 de notre offre d&#8217;\u00e9quipements sportifs :<\/p>\n\n\n\n<div class=\"wp-block-button is-style-squared\"><a class=\"wp-block-button__link\" href=\"http:\/\/www.sportspartner.fr\/index.php\/demande-de-devis\/\"><strong>Demande de devis<\/strong><\/a><\/div>\n\n\n\n<ul class=\"wp-block-gallery columns-3 is-cropped\"><li class=\"blocks-gallery-item\"><figure><img loading=\"lazy\" width=\"813\" height=\"734\" src=\"http:\/\/www.sportspartner.fr\/wp-content\/uploads\/2019\/02\/Si\u00e9ge-Ergo-Vert.png\" alt=\"\" data-id=\"39\" data-link=\"http:\/\/www.sportspartner.fr\/siege-ergo-vert\/\" class=\"wp-image-39\" srcset=\"https:\/\/www.sportspartner.fr\/wp-content\/uploads\/2019\/02\/Si\u00e9ge-Ergo-Vert.png 813w, https:\/\/www.sportspartner.fr\/wp-content\/uploads\/2019\/02\/Si\u00e9ge-Ergo-Vert-300x271.png 300w, https:\/\/www.sportspartner.fr\/wp-content\/uploads\/2019\/02\/Si\u00e9ge-Ergo-Vert-768x693.png 768w\" sizes=\"(max-width: 813px) 100vw, 813px\" \/><figcaption>Si\u00e8ge ERGO<\/figcaption><\/figure><\/li><li class=\"blocks-gallery-item\"><figure><img loading=\"lazy\" width=\"591\" height=\"385\" src=\"http:\/\/www.sportspartner.fr\/wp-content\/uploads\/2019\/02\/Tableau-de-score-Multisport-MARA0005.png\" alt=\"\" data-id=\"40\" data-link=\"http:\/\/www.sportspartner.fr\/tableau-de-score-multisport-mara0005\/\" class=\"wp-image-40\" srcset=\"https:\/\/www.sportspartner.fr\/wp-content\/uploads\/2019\/02\/Tableau-de-score-Multisport-MARA0005.png 591w, https:\/\/www.sportspartner.fr\/wp-content\/uploads\/2019\/02\/Tableau-de-score-Multisport-MARA0005-300x195.png 300w\" sizes=\"(max-width: 591px) 100vw, 591px\" \/><figcaption>Panneaux affichages multisports<\/figcaption><\/figure><\/li><li class=\"blocks-gallery-item\"><figure><img loading=\"lazy\" width=\"1024\" height=\"417\" src=\"http:\/\/www.sportspartner.fr\/wp-content\/uploads\/2019\/02\/Abri-Equipe-INFR2020-1024x417.png\" alt=\"\" data-id=\"33\" data-link=\"http:\/\/www.sportspartner.fr\/abri-equipe-infr2020\/\" class=\"wp-image-33\" srcset=\"https:\/\/www.sportspartner.fr\/wp-content\/uploads\/2019\/02\/Abri-Equipe-INFR2020-1024x417.png 1024w, https:\/\/www.sportspartner.fr\/wp-content\/uploads\/2019\/02\/Abri-Equipe-INFR2020-300x122.png 300w, https:\/\/www.sportspartner.fr\/wp-content\/uploads\/2019\/02\/Abri-Equipe-INFR2020-768x313.png 768w, https:\/\/www.sportspartner.fr\/wp-content\/uploads\/2019\/02\/Abri-Equipe-INFR2020.png 1589w\" sizes=\"(max-width: 1024px) 100vw, 1024px\" \/><figcaption>Abris d&#8217;\u00e9quipes<\/figcaption><\/figure><\/li><li class=\"blocks-gallery-item\"><figure><img loading=\"lazy\" width=\"800\" height=\"800\" src=\"http:\/\/www.sportspartner.fr\/wp-content\/uploads\/2019\/02\/Cage-fixe-Handball-Futsal-Poteaux-carr\u00e9s-ANDE0001-7.jpg\" alt=\"\" data-id=\"34\" data-link=\"http:\/\/www.sportspartner.fr\/cage-fixe-handball-futsal-poteaux-carres-ande0001-7\/\" class=\"wp-image-34\" srcset=\"https:\/\/www.sportspartner.fr\/wp-content\/uploads\/2019\/02\/Cage-fixe-Handball-Futsal-Poteaux-carr\u00e9s-ANDE0001-7.jpg 800w, https:\/\/www.sportspartner.fr\/wp-content\/uploads\/2019\/02\/Cage-fixe-Handball-Futsal-Poteaux-carr\u00e9s-ANDE0001-7-150x150.jpg 150w, https:\/\/www.sportspartner.fr\/wp-content\/uploads\/2019\/02\/Cage-fixe-Handball-Futsal-Poteaux-carr\u00e9s-ANDE0001-7-300x300.jpg 300w, https:\/\/www.sportspartner.fr\/wp-content\/uploads\/2019\/02\/Cage-fixe-Handball-Futsal-Poteaux-carr\u00e9s-ANDE0001-7-768x768.jpg 768w, https:\/\/www.sportspartner.fr\/wp-content\/uploads\/2019\/02\/Cage-fixe-Handball-Futsal-Poteaux-carr\u00e9s-ANDE0001-7-100x100.jpg 100w\" sizes=\"(max-width: 800px) 100vw, 800px\" \/><figcaption>Cages Handball \/ Futsall<\/figcaption><\/figure><\/li><li class=\"blocks-gallery-item\"><figure><img loading=\"lazy\" width=\"1024\" height=\"892\" src=\"http:\/\/www.sportspartner.fr\/wp-content\/uploads\/2019\/02\/Panier-de-basketball-portable-BASQ0011-1024x892.png\" alt=\"\" data-id=\"35\" data-link=\"http:\/\/www.sportspartner.fr\/panier-de-basketball-portable-basq0011\/\" class=\"wp-image-35\" srcset=\"https:\/\/www.sportspartner.fr\/wp-content\/uploads\/2019\/02\/Panier-de-basketball-portable-BASQ0011-1024x892.png 1024w, https:\/\/www.sportspartner.fr\/wp-content\/uploads\/2019\/02\/Panier-de-basketball-portable-BASQ0011-300x261.png 300w, https:\/\/www.sportspartner.fr\/wp-content\/uploads\/2019\/02\/Panier-de-basketball-portable-BASQ0011-768x669.png 768w, https:\/\/www.sportspartner.fr\/wp-content\/uploads\/2019\/02\/Panier-de-basketball-portable-BASQ0011.png 1048w\" sizes=\"(max-width: 1024px) 100vw, 1024px\" \/><figcaption>Paniers Basketball<\/figcaption><\/figure><\/li><\/ul>\n","protected":false},"excerpt":{"rendered":"<p>Sans eux, il n&#8217;y aurait pas de cages de buts, pas de points, pas de c\u00e9l\u00e9brations de victoire ni de d\u00e9ception suite \u00e0 une d\u00e9faite. Sans eux il n&#8217;y aurait juste pas de sport ! Car les \u00e9quipements sportifs sont une partie fondamentale de tout jeu&#8230; . Sport Partners fabrique toutes sortes d&#8217;\u00e9quipements. Des cages [&hellip;]<\/p>\n","protected":false},"author":1,"featured_media":0,"parent":0,"menu_order":0,"comment_status":"closed","ping_status":"closed","template":"","meta":[],"_links":{"self":[{"href":"https:\/\/www.sportspartner.fr\/index.php\/wp-json\/wp\/v2\/pages\/30"}],"collection":[{"href":"https:\/\/www.sportspartner.fr\/index.php\/wp-json\/wp\/v2\/pages"}],"about":[{"href":"https:\/\/www.sportspartner.fr\/index.php\/wp-json\/wp\/v2\/types\/page"}],"author":[{"embeddable":true,"href":"https:\/\/www.sportspartner.fr\/index.php\/wp-json\/wp\/v2\/users\/1"}],"replies":[{"embeddable":true,"href":"https:\/\/www.sportspartner.fr\/index.php\/wp-json\/wp\/v2\/comments?post=30"}],"version-history":[{"count":16,"href":"https:\/\/www.sportspartner.fr\/index.php\/wp-json\/wp\/v2\/pages\/30\/revisions"}],"predecessor-version":[{"id":627,"href":"https:\/\/www.sportspartner.fr\/index.php\/wp-json\/wp\/v2\/pages\/30\/revisions\/627"}],"wp:attachment":[{"href":"https:\/\/www.sportspartner.fr\/index.php\/wp-json\/wp\/v2\/media?parent=30"}],"curies":[{"name":"wp","href":"https:\/\/api.w.org\/{rel}","templated":true}]}}