{"id":288,"date":"2019-02-20T21:43:03","date_gmt":"2019-02-20T20:43:03","guid":{"rendered":"http:\/\/www.sportspartner.fr\/?page_id=288"},"modified":"2021-06-02T15:45:48","modified_gmt":"2021-06-02T13:45:48","slug":"fabricant-de-sols-sportifs","status":"publish","type":"page","link":"https:\/\/www.sportspartner.fr\/index.php\/fabricant-de-sols-sportifs\/","title":{"rendered":"Le fabricant"},"content":{"rendered":"\n<p>Rui \u00e9tait un de ces sportifs qui aimait s&#8217;essayer \u00e0 plusieurs disciplines&#8230;. Il \u00e9tait habituel de le voir dans n&#8217;importe quelle salle de sport s&#8217;appliquer pour r\u00e9ussir son tir puissant et marquer des paniers, constamment \u00e0 la recherche du tir \u00e0 trois points ! Car le jeune athl\u00e8te s&#8217;est toujours interrog\u00e9 sur la fa\u00e7on dont les diff\u00e9rents \u00e9quipements sportifs ont \u00e9t\u00e9 fabriqu\u00e9s. Quels mat\u00e9riaux ont \u00e9t\u00e9 utilis\u00e9s ? Comment et o\u00f9 ont-ils \u00e9t\u00e9 construits ?  Comment faire pour devenir fabricant de sols sportifs  ?<\/p>\n\n\n\n<p>En cherchant des r\u00e9ponses, la curiosit\u00e9 s&#8217;est transform\u00e9e en affaire&#8230;En passant des mots \u00e0 l&#8217;action, Rui Vincente &#8211; le PDG actuel de l&#8217;entreprise cr\u00e9a Sports Partner. Et presque 20 ans se sont \u00e9coul\u00e9s depuis.<\/p>\n\n\n\n<p>Prenez un moment pour faire de l&#8217;exercice : imaginez-vous pratiquer n&#8217;importe quel sport et pensez \u00e0 la quantit\u00e9 d&#8217;<a href=\"http:\/\/www.sportspartner.fr\/index.php\/equipements-sportifs\/\">\u00e9quipements ou d&#8217;accessoires<\/a> qui vous entourent&#8230; Et bien, ce sont les produits fabriqu\u00e9s par notre soci\u00e9t\u00e9 100% portugaise Sports Partner, fabricant de sols sportifs et d&#8217;\u00e9quipements !<\/p>\n\n\n\n<div class=\"wp-block-button\"><a class=\"wp-block-button__link no-border-radius\" href=\"http:\/\/www.sportspartner.fr\/index.php\/demande-de-devis\/\">Demande de devis<\/a><\/div>\n\n\n\n<hr class=\"wp-block-separator\"\/>\n\n\n\n<figure class=\"wp-block-gallery columns-2 is-cropped\"><ul class=\"blocks-gallery-grid\"><li class=\"blocks-gallery-item\"><figure><img loading=\"lazy\" width=\"368\" height=\"368\" src=\"http:\/\/www.sportspartner.fr\/wp-content\/uploads\/2019\/02\/Kythnos.jpg\" alt=\"\" data-id=\"323\" data-link=\"http:\/\/www.sportspartner.fr\/index.php\/qui-sommes-nous\/kythnos\/\" class=\"wp-image-323\" srcset=\"https:\/\/www.sportspartner.fr\/wp-content\/uploads\/2019\/02\/Kythnos.jpg 368w, https:\/\/www.sportspartner.fr\/wp-content\/uploads\/2019\/02\/Kythnos-150x150.jpg 150w, https:\/\/www.sportspartner.fr\/wp-content\/uploads\/2019\/02\/Kythnos-300x300.jpg 300w, https:\/\/www.sportspartner.fr\/wp-content\/uploads\/2019\/02\/Kythnos-230x230.jpg 230w, https:\/\/www.sportspartner.fr\/wp-content\/uploads\/2019\/02\/Kythnos-350x350.jpg 350w\" sizes=\"(max-width: 368px) 100vw, 368px\" \/><\/figure><\/li><li class=\"blocks-gallery-item\"><figure><img loading=\"lazy\" width=\"569\" height=\"569\" src=\"http:\/\/www.sportspartner.fr\/wp-content\/uploads\/2019\/02\/naxos-1.jpg\" alt=\"\" data-id=\"324\" data-link=\"http:\/\/www.sportspartner.fr\/index.php\/qui-sommes-nous\/naxos-3\/\" class=\"wp-image-324\" srcset=\"https:\/\/www.sportspartner.fr\/wp-content\/uploads\/2019\/02\/naxos-1.jpg 569w, https:\/\/www.sportspartner.fr\/wp-content\/uploads\/2019\/02\/naxos-1-150x150.jpg 150w, https:\/\/www.sportspartner.fr\/wp-content\/uploads\/2019\/02\/naxos-1-300x300.jpg 300w, https:\/\/www.sportspartner.fr\/wp-content\/uploads\/2019\/02\/naxos-1-230x230.jpg 230w, https:\/\/www.sportspartner.fr\/wp-content\/uploads\/2019\/02\/naxos-1-350x350.jpg 350w, https:\/\/www.sportspartner.fr\/wp-content\/uploads\/2019\/02\/naxos-1-480x480.jpg 480w\" sizes=\"(max-width: 569px) 100vw, 569px\" \/><\/figure><\/li><li class=\"blocks-gallery-item\"><figure><img loading=\"lazy\" width=\"1024\" height=\"685\" src=\"http:\/\/www.sportspartner.fr\/wp-content\/uploads\/2019\/02\/swiss_basket_3-1-1-1024x685.jpg\" alt=\"\" data-id=\"326\" data-link=\"http:\/\/www.sportspartner.fr\/index.php\/qui-sommes-nous\/swiss_basket_3-1-2\/\" class=\"wp-image-326\" srcset=\"https:\/\/www.sportspartner.fr\/wp-content\/uploads\/2019\/02\/swiss_basket_3-1-1-1024x685.jpg 1024w, https:\/\/www.sportspartner.fr\/wp-content\/uploads\/2019\/02\/swiss_basket_3-1-1-300x201.jpg 300w, https:\/\/www.sportspartner.fr\/wp-content\/uploads\/2019\/02\/swiss_basket_3-1-1-768x514.jpg 768w, https:\/\/www.sportspartner.fr\/wp-content\/uploads\/2019\/02\/swiss_basket_3-1-1-830x555.jpg 830w, https:\/\/www.sportspartner.fr\/wp-content\/uploads\/2019\/02\/swiss_basket_3-1-1-230x154.jpg 230w, https:\/\/www.sportspartner.fr\/wp-content\/uploads\/2019\/02\/swiss_basket_3-1-1-350x234.jpg 350w, https:\/\/www.sportspartner.fr\/wp-content\/uploads\/2019\/02\/swiss_basket_3-1-1-480x321.jpg 480w, https:\/\/www.sportspartner.fr\/wp-content\/uploads\/2019\/02\/swiss_basket_3-1-1.jpg 1200w\" sizes=\"(max-width: 1024px) 100vw, 1024px\" \/><\/figure><\/li><\/ul><\/figure>\n\n\n\n<p>Plus d&#8217;informations sur le site officiel de Sports Partner :<a href=\"https:\/\/www.sportspartner.com.pt\/fr\/\" data-type=\"URL\"> www.sportspartner.com.<\/a><\/p>\n","protected":false},"excerpt":{"rendered":"<p>Rui \u00e9tait un de ces sportifs qui aimait s&#8217;essayer \u00e0 plusieurs disciplines&#8230;. Il \u00e9tait habituel de le voir dans n&#8217;importe quelle salle de sport s&#8217;appliquer pour r\u00e9ussir son tir puissant et marquer des paniers, constamment \u00e0 la recherche du tir \u00e0 trois points ! Car le jeune athl\u00e8te s&#8217;est toujours interrog\u00e9 sur la fa\u00e7on dont [&hellip;]<\/p>\n","protected":false},"author":1,"featured_media":0,"parent":0,"menu_order":0,"comment_status":"closed","ping_status":"closed","template":"","meta":[],"_links":{"self":[{"href":"https:\/\/www.sportspartner.fr\/index.php\/wp-json\/wp\/v2\/pages\/288"}],"collection":[{"href":"https:\/\/www.sportspartner.fr\/index.php\/wp-json\/wp\/v2\/pages"}],"about":[{"href":"https:\/\/www.sportspartner.fr\/index.php\/wp-json\/wp\/v2\/types\/page"}],"author":[{"embeddable":true,"href":"https:\/\/www.sportspartner.fr\/index.php\/wp-json\/wp\/v2\/users\/1"}],"replies":[{"embeddable":true,"href":"https:\/\/www.sportspartner.fr\/index.php\/wp-json\/wp\/v2\/comments?post=288"}],"version-history":[{"count":13,"href":"https:\/\/www.sportspartner.fr\/index.php\/wp-json\/wp\/v2\/pages\/288\/revisions"}],"predecessor-version":[{"id":811,"href":"https:\/\/www.sportspartner.fr\/index.php\/wp-json\/wp\/v2\/pages\/288\/revisions\/811"}],"wp:attachment":[{"href":"https:\/\/www.sportspartner.fr\/index.php\/wp-json\/wp\/v2\/media?parent=288"}],"curies":[{"name":"wp","href":"https:\/\/api.w.org\/{rel}","templated":true}]}}