{"id":255,"date":"2019-02-20T19:37:34","date_gmt":"2019-02-20T18:37:34","guid":{"rendered":"http:\/\/www.sportspartner.fr\/?page_id=255"},"modified":"2019-03-26T20:07:40","modified_gmt":"2019-03-26T19:07:40","slug":"demande-de-devis","status":"publish","type":"page","link":"https:\/\/www.sportspartner.fr\/index.php\/demande-de-devis\/","title":{"rendered":"Demande de devis"},"content":{"rendered":"<div role=\"form\" class=\"wpcf7\" id=\"wpcf7-f254-o1\" lang=\"fr-FR\" dir=\"ltr\">\n<div class=\"screen-reader-response\"><\/div>\n<form action=\"\/index.php\/wp-json\/wp\/v2\/pages\/255#wpcf7-f254-o1\" method=\"post\" class=\"wpcf7-form\" novalidate=\"novalidate\">\n<div style=\"display: none;\">\n<input type=\"hidden\" name=\"_wpcf7\" value=\"254\" \/>\n<input type=\"hidden\" name=\"_wpcf7_version\" value=\"5.1.3\" \/>\n<input type=\"hidden\" name=\"_wpcf7_locale\" value=\"fr_FR\" \/>\n<input type=\"hidden\" name=\"_wpcf7_unit_tag\" value=\"wpcf7-f254-o1\" \/>\n<input type=\"hidden\" name=\"_wpcf7_container_post\" value=\"0\" \/>\n<\/div>\n<p><label> Vous \u00eates ? (obligatoire)<br \/>\n<span class=\"wpcf7-form-control-wrap Partpro\"><input type=\"text\" name=\"Partpro\" value=\"\" size=\"40\" class=\"wpcf7-form-control wpcf7-text wpcf7-validates-as-required\" aria-required=\"true\" aria-invalid=\"false\" placeholder=\"Particulier ou professionnel\" \/><\/span> <\/label><\/p>\n<p><label> Nom<br \/>\n<span class=\"wpcf7-form-control-wrap NOM\"><input type=\"text\" name=\"NOM\" value=\"\" size=\"40\" class=\"wpcf7-form-control wpcf7-text wpcf7-validates-as-required\" aria-required=\"true\" aria-invalid=\"false\" placeholder=\"NOM\" \/><\/span> <\/label><\/p>\n<p><label> Pr\u00e9nom<br \/>\n<span class=\"wpcf7-form-control-wrap Prenom\"><input type=\"text\" name=\"Prenom\" value=\"\" size=\"40\" class=\"wpcf7-form-control wpcf7-text wpcf7-validates-as-required\" aria-required=\"true\" aria-invalid=\"false\" placeholder=\"Pr\u00e9nom\" \/><\/span><\/label><\/p>\n<p><label> Soci\u00e9t\u00e9<br \/>\n<span class=\"wpcf7-form-control-wrap Nomsociete\"><input type=\"text\" name=\"Nomsociete\" value=\"\" size=\"40\" class=\"wpcf7-form-control wpcf7-text\" aria-invalid=\"false\" placeholder=\"Nom soci\u00e9t\u00e9\" \/><\/span><\/label><\/p>\n<p><label> T\u00e9l\u00e9phone<br \/>\n<span class=\"wpcf7-form-control-wrap Telephone\"><input type=\"tel\" name=\"Telephone\" value=\"\" size=\"40\" class=\"wpcf7-form-control wpcf7-text wpcf7-tel wpcf7-validates-as-required wpcf7-validates-as-tel\" aria-required=\"true\" aria-invalid=\"false\" placeholder=\"T\u00e9l\u00e9phone\" \/><\/span> <\/label><\/p>\n<p><label> Adresse mail<br \/>\n<span class=\"wpcf7-form-control-wrap Adressemail\"><input type=\"email\" name=\"Adressemail\" value=\"\" size=\"40\" class=\"wpcf7-form-control wpcf7-text wpcf7-email wpcf7-validates-as-required wpcf7-validates-as-email\" aria-required=\"true\" aria-invalid=\"false\" placeholder=\"Adresse mail\" \/><\/span><\/label><\/p>\n<p><label> Adresse Postale<br \/>\n<span class=\"wpcf7-form-control-wrap Adressepostale\"><input type=\"text\" name=\"Adressepostale\" value=\"\" size=\"40\" class=\"wpcf7-form-control wpcf7-text wpcf7-validates-as-required\" aria-required=\"true\" aria-invalid=\"false\" placeholder=\"Adresse postale\" \/><\/span> <\/label><\/p>\n<p><label> Code postal<br \/>\n<span class=\"wpcf7-form-control-wrap Codepostal\"><input type=\"text\" name=\"Codepostal\" value=\"\" size=\"40\" class=\"wpcf7-form-control wpcf7-text wpcf7-validates-as-required\" aria-required=\"true\" aria-invalid=\"false\" placeholder=\"Code Postal\" \/><\/span> <\/label><\/p>\n<p><label> Ville<br \/>\n<span class=\"wpcf7-form-control-wrap Ville\"><input type=\"text\" name=\"Ville\" value=\"\" size=\"40\" class=\"wpcf7-form-control wpcf7-text wpcf7-validates-as-required\" aria-required=\"true\" aria-invalid=\"false\" placeholder=\"Ville\" \/><\/span><\/label><\/p>\n<p><label> Surface du projet<br \/>\n<span class=\"wpcf7-form-control-wrap Surfaceduprojet\"><input type=\"text\" name=\"Surfaceduprojet\" value=\"\" size=\"40\" class=\"wpcf7-form-control wpcf7-text wpcf7-validates-as-required\" aria-required=\"true\" aria-invalid=\"false\" placeholder=\"Surface du projet\" \/><\/span> <\/label><\/p>\n<p><label> Description du projet<br \/>\n<span class=\"wpcf7-form-control-wrap Descriprojet\"><textarea name=\"Descriprojet\" cols=\"40\" rows=\"10\" class=\"wpcf7-form-control wpcf7-textarea wpcf7-validates-as-required\" aria-required=\"true\" aria-invalid=\"false\" placeholder=\"Description de projet\"><\/textarea><\/span><\/label><\/p>\n<p><label> J'accepte d'\u00eatre contact\u00e9(e)<br \/>\n    <span class=\"wpcf7-form-control-wrap Contactok\"><span class=\"wpcf7-form-control wpcf7-checkbox wpcf7-validates-as-required\"><span class=\"wpcf7-list-item first\"><span class=\"wpcf7-list-item-label\">Oui<\/span><input type=\"checkbox\" name=\"Contactok[]\" value=\"Oui\" \/><\/span><span class=\"wpcf7-list-item last\"><span class=\"wpcf7-list-item-label\">Non<\/span><input type=\"checkbox\" name=\"Contactok[]\" value=\"Non\" \/><\/span><\/span><\/span><\/p>\n<p><label> En fournissant mon e-mail, je reconnais avoir pris connaissance de la politique de confidentialit\u00e9 (traitement et utilisation des donn\u00e9es) disponible dans la rubrique \"Mentions L\u00e9gales\".<br \/>\nVous pourrez demandez \u00e0 ne plus \u00eatre contact\u00e9 \u00e0 n'importe quel moment en nous adressant un mail \u00e0 l'adresse : contact@module-2.com<br \/>\n    <span class=\"wpcf7-form-control-wrap Contactok\"><span class=\"wpcf7-form-control wpcf7-checkbox wpcf7-validates-as-required\"><span class=\"wpcf7-list-item first\"><span class=\"wpcf7-list-item-label\">Oui<\/span><input type=\"checkbox\" name=\"Contactok[]\" value=\"Oui\" \/><\/span><span class=\"wpcf7-list-item last\"><span class=\"wpcf7-list-item-label\">Non<\/span><input type=\"checkbox\" name=\"Contactok[]\" value=\"Non\" \/><\/span><\/span><\/span><\/p>\n<p><input type=\"submit\" value=\"Envoyer\" class=\"wpcf7-form-control wpcf7-submit\" \/><\/p>\n<div class=\"wpcf7-response-output wpcf7-display-none\"><\/div><\/form><\/div>\n","protected":false},"excerpt":{"rendered":"","protected":false},"author":1,"featured_media":0,"parent":0,"menu_order":0,"comment_status":"closed","ping_status":"closed","template":"","meta":[],"_links":{"self":[{"href":"https:\/\/www.sportspartner.fr\/index.php\/wp-json\/wp\/v2\/pages\/255"}],"collection":[{"href":"https:\/\/www.sportspartner.fr\/index.php\/wp-json\/wp\/v2\/pages"}],"about":[{"href":"https:\/\/www.sportspartner.fr\/index.php\/wp-json\/wp\/v2\/types\/page"}],"author":[{"embeddable":true,"href":"https:\/\/www.sportspartner.fr\/index.php\/wp-json\/wp\/v2\/users\/1"}],"replies":[{"embeddable":true,"href":"https:\/\/www.sportspartner.fr\/index.php\/wp-json\/wp\/v2\/comments?post=255"}],"version-history":[{"count":2,"href":"https:\/\/www.sportspartner.fr\/index.php\/wp-json\/wp\/v2\/pages\/255\/revisions"}],"predecessor-version":[{"id":257,"href":"https:\/\/www.sportspartner.fr\/index.php\/wp-json\/wp\/v2\/pages\/255\/revisions\/257"}],"wp:attachment":[{"href":"https:\/\/www.sportspartner.fr\/index.php\/wp-json\/wp\/v2\/media?parent=255"}],"curies":[{"name":"wp","href":"https:\/\/api.w.org\/{rel}","templated":true}]}}