{"id":171,"date":"2019-02-20T16:22:03","date_gmt":"2019-02-20T15:22:03","guid":{"rendered":"http:\/\/www.sportspartner.fr\/?page_id=171"},"modified":"2019-04-04T17:51:41","modified_gmt":"2019-04-04T15:51:41","slug":"panier-de-basketball","status":"publish","type":"page","link":"https:\/\/www.sportspartner.fr\/index.php\/panier-de-basketball\/","title":{"rendered":"Panier de Basketball"},"content":{"rendered":"\n<ul><li><strong>Le panier de Basketball portable<\/strong> (Street) est disponible avec 2 r\u00e9glages de hauteur : <strong>2,60 m  et 3,05 m<\/strong>. L&#8217;ensemble inclut un support en m\u00e9tal, le panneau et l&#8217;anneau en polyester renforc\u00e9. Sa construction respecte la norme <strong>EN1270<\/strong>. L&#8217;ensemble est facilement transportable gr\u00e2ce aux roues en caoutchouc \u00e0 haute r\u00e9sistance. Il se replie facilement pour un rangement facile. Il comprend \u00e9galement un rembourrage de protection \u00e0 l&#8217;avant.<\/li><\/ul>\n\n\n\n<ul><li><strong>L&#8217;unit\u00e9 de Basketball portable<\/strong> (COMPETITION) est fabriqu\u00e9 avec un ch\u00e2ssis de profil\u00e9s structurels disposant d&#8217;un traitement anticorrosion et d&#8217;un <strong>surplomb de 2,40 m<\/strong>. Le syst\u00e8me de levage est hydraulique. L&#8217;ensemble comprend un panneau acrylique de<strong> 12 mm<\/strong>, un anneau flexible, un filet et un rembourrage de protection. L&#8217;ensemble est fabriqu\u00e9 selon la norme <strong>EN1270<\/strong>. L&#8217;unit\u00e9 est \u00e9galement disponible avec un <strong>surplomb de 3,25 m<\/strong> ou un panneau en verre tremp\u00e9.<\/li><\/ul>\n\n\n\n<ul><li><strong>Le panier fixe de Basketball<\/strong> est un panneau fixe avec filet. L&#8217;ensemble comprend : un poteau, une bride de fixation au sol, un panneau en r\u00e9sine ph\u00e9nolique, un anneau et son filet. Le poteau en<strong> tube d&#8217;acier de 150 x 100 x 3 mm <\/strong>b\u00e9n\u00e9ficie d&#8217;un traitement anticorrosion adapt\u00e9 pour l&#8217;ext\u00e9rieur. Le panier est fabriqu\u00e9 selon la norme <strong>EN1270<\/strong>.<\/li><li>Demandez nos fiches techniques !<\/li><\/ul>\n\n\n\n<div class=\"wp-block-button is-style-squared\"><a class=\"wp-block-button__link has-background has-very-dark-gray-background-color\" href=\"http:\/\/www.sportspartner.fr\/index.php\/demande-de-devis\/\"><strong>Demande de devis<\/strong><\/a><\/div>\n\n\n\n<ul class=\"wp-block-gallery columns-2 is-cropped\"><li class=\"blocks-gallery-item\"><figure><img loading=\"lazy\" width=\"1024\" height=\"892\" src=\"http:\/\/www.sportspartner.fr\/wp-content\/uploads\/2019\/02\/Panier-de-basketball-portable-BASQ0011-1-1024x892.png\" alt=\"\" data-id=\"178\" data-link=\"http:\/\/www.sportspartner.fr\/index.php\/panier-basketball-portable\/panier-de-basketball-portable-basq0011-2\/\" class=\"wp-image-178\" srcset=\"https:\/\/www.sportspartner.fr\/wp-content\/uploads\/2019\/02\/Panier-de-basketball-portable-BASQ0011-1-1024x892.png 1024w, https:\/\/www.sportspartner.fr\/wp-content\/uploads\/2019\/02\/Panier-de-basketball-portable-BASQ0011-1-300x261.png 300w, https:\/\/www.sportspartner.fr\/wp-content\/uploads\/2019\/02\/Panier-de-basketball-portable-BASQ0011-1-768x669.png 768w, https:\/\/www.sportspartner.fr\/wp-content\/uploads\/2019\/02\/Panier-de-basketball-portable-BASQ0011-1-830x723.png 830w, https:\/\/www.sportspartner.fr\/wp-content\/uploads\/2019\/02\/Panier-de-basketball-portable-BASQ0011-1-230x200.png 230w, https:\/\/www.sportspartner.fr\/wp-content\/uploads\/2019\/02\/Panier-de-basketball-portable-BASQ0011-1-350x305.png 350w, https:\/\/www.sportspartner.fr\/wp-content\/uploads\/2019\/02\/Panier-de-basketball-portable-BASQ0011-1-480x418.png 480w, https:\/\/www.sportspartner.fr\/wp-content\/uploads\/2019\/02\/Panier-de-basketball-portable-BASQ0011-1.png 1048w\" sizes=\"(max-width: 1024px) 100vw, 1024px\" \/><figcaption>Paniers Basketball portbale<\/figcaption><\/figure><\/li><li class=\"blocks-gallery-item\"><figure><img loading=\"lazy\" width=\"366\" height=\"346\" src=\"http:\/\/www.sportspartner.fr\/wp-content\/uploads\/2019\/02\/Panier-fixe-de-Basketball-BASQ1016-BASQ1013-BASQ1019.png\" alt=\"\" data-id=\"179\" data-link=\"http:\/\/www.sportspartner.fr\/index.php\/panier-basketball-portable\/panier-fixe-de-basketball-basq1016-basq1013-basq1019\/\" class=\"wp-image-179\" srcset=\"https:\/\/www.sportspartner.fr\/wp-content\/uploads\/2019\/02\/Panier-fixe-de-Basketball-BASQ1016-BASQ1013-BASQ1019.png 366w, https:\/\/www.sportspartner.fr\/wp-content\/uploads\/2019\/02\/Panier-fixe-de-Basketball-BASQ1016-BASQ1013-BASQ1019-300x284.png 300w, https:\/\/www.sportspartner.fr\/wp-content\/uploads\/2019\/02\/Panier-fixe-de-Basketball-BASQ1016-BASQ1013-BASQ1019-230x217.png 230w, https:\/\/www.sportspartner.fr\/wp-content\/uploads\/2019\/02\/Panier-fixe-de-Basketball-BASQ1016-BASQ1013-BASQ1019-350x331.png 350w\" sizes=\"(max-width: 366px) 100vw, 366px\" \/><figcaption>Panier Basketball fixe<br><\/figcaption><\/figure><\/li><li class=\"blocks-gallery-item\"><figure><img loading=\"lazy\" width=\"546\" height=\"634\" src=\"http:\/\/www.sportspartner.fr\/wp-content\/uploads\/2019\/02\/Panier-de-basketball-portable-BASQ0016.png\" alt=\"\" data-id=\"172\" data-link=\"http:\/\/www.sportspartner.fr\/index.php\/panier-basketball-portable\/panier-de-basketball-portable-basq0016\/\" class=\"wp-image-172\" srcset=\"https:\/\/www.sportspartner.fr\/wp-content\/uploads\/2019\/02\/Panier-de-basketball-portable-BASQ0016.png 546w, https:\/\/www.sportspartner.fr\/wp-content\/uploads\/2019\/02\/Panier-de-basketball-portable-BASQ0016-258x300.png 258w, https:\/\/www.sportspartner.fr\/wp-content\/uploads\/2019\/02\/Panier-de-basketball-portable-BASQ0016-230x267.png 230w, https:\/\/www.sportspartner.fr\/wp-content\/uploads\/2019\/02\/Panier-de-basketball-portable-BASQ0016-350x406.png 350w, https:\/\/www.sportspartner.fr\/wp-content\/uploads\/2019\/02\/Panier-de-basketball-portable-BASQ0016-480x557.png 480w\" sizes=\"(max-width: 546px) 100vw, 546px\" \/><figcaption>Panier Basketball portable<\/figcaption><\/figure><\/li><\/ul>\n","protected":false},"excerpt":{"rendered":"<p>Le panier de Basketball portable (Street) est disponible avec 2 r\u00e9glages de hauteur : 2,60 m et 3,05 m. L&#8217;ensemble inclut un support en m\u00e9tal, le panneau et l&#8217;anneau en polyester renforc\u00e9. Sa construction respecte la norme EN1270. L&#8217;ensemble est facilement transportable gr\u00e2ce aux roues en caoutchouc \u00e0 haute r\u00e9sistance. Il se replie facilement pour [&hellip;]<\/p>\n","protected":false},"author":1,"featured_media":0,"parent":0,"menu_order":0,"comment_status":"closed","ping_status":"closed","template":"","meta":[],"_links":{"self":[{"href":"https:\/\/www.sportspartner.fr\/index.php\/wp-json\/wp\/v2\/pages\/171"}],"collection":[{"href":"https:\/\/www.sportspartner.fr\/index.php\/wp-json\/wp\/v2\/pages"}],"about":[{"href":"https:\/\/www.sportspartner.fr\/index.php\/wp-json\/wp\/v2\/types\/page"}],"author":[{"embeddable":true,"href":"https:\/\/www.sportspartner.fr\/index.php\/wp-json\/wp\/v2\/users\/1"}],"replies":[{"embeddable":true,"href":"https:\/\/www.sportspartner.fr\/index.php\/wp-json\/wp\/v2\/comments?post=171"}],"version-history":[{"count":18,"href":"https:\/\/www.sportspartner.fr\/index.php\/wp-json\/wp\/v2\/pages\/171\/revisions"}],"predecessor-version":[{"id":686,"href":"https:\/\/www.sportspartner.fr\/index.php\/wp-json\/wp\/v2\/pages\/171\/revisions\/686"}],"wp:attachment":[{"href":"https:\/\/www.sportspartner.fr\/index.php\/wp-json\/wp\/v2\/media?parent=171"}],"curies":[{"name":"wp","href":"https:\/\/api.w.org\/{rel}","templated":true}]}}