{"id":166,"date":"2019-02-20T16:18:04","date_gmt":"2019-02-20T15:18:04","guid":{"rendered":"http:\/\/www.sportspartner.fr\/?page_id=166"},"modified":"2019-04-04T17:53:03","modified_gmt":"2019-04-04T15:53:03","slug":"poteaux-de-rugby","status":"publish","type":"page","link":"https:\/\/www.sportspartner.fr\/index.php\/poteaux-de-rugby\/","title":{"rendered":"Poteaux de Rugby"},"content":{"rendered":"\n<p>Fabriqu\u00e9 \u00e0 l&#8217;aide de profil\u00e9s en aluminium rond, laqu\u00e9s et renforc\u00e9s de 120 mm. Les poteaux sont disponibles en <strong>8 ou 12 m\u00e8tres de hauteur<\/strong>. Fix\u00e9s au sol avec des fourreaux de scellement (non inclus). Ils sont approuv\u00e9 par la <strong><a rel=\"noreferrer noopener\" aria-label=\"FPR (s\u2019ouvre dans un nouvel onglet)\" href=\"http:\/\/www.fpr.pt\/\" target=\"_blank\">FPR, la F\u00e9d\u00e9ratio<\/a><a href=\"http:\/\/www.fpr.pt\/\" target=\"_blank\" rel=\"noreferrer noopener\" aria-label=\"n Portugaise de Rugby. (s\u2019ouvre dans un nouvel onglet)\">n Portugaise de Rugby<\/a><\/strong><a href=\"http:\/\/www.fpr.pt\/\" target=\"_blank\" rel=\"noreferrer noopener\" aria-label=\"n Portugaise de Rugby. (s\u2019ouvre dans un nouvel onglet)\">.<\/a><\/p>\n\n\n\n<div class=\"wp-block-button is-style-squared\"><a class=\"wp-block-button__link\" href=\"http:\/\/www.sportspartner.fr\/index.php\/demande-de-devis\/\"><strong>Demande de devis<\/strong><\/a><\/div>\n\n\n\n<div class=\"wp-block-image\"><figure class=\"aligncenter is-resized\"><img loading=\"lazy\" src=\"http:\/\/www.sportspartner.fr\/wp-content\/uploads\/2019\/02\/Poteaux-de-Rugby-RUGB0001-RUGB0002.png\" alt=\"\" class=\"wp-image-167\" width=\"478\" height=\"520\" srcset=\"https:\/\/www.sportspartner.fr\/wp-content\/uploads\/2019\/02\/Poteaux-de-Rugby-RUGB0001-RUGB0002.png 346w, https:\/\/www.sportspartner.fr\/wp-content\/uploads\/2019\/02\/Poteaux-de-Rugby-RUGB0001-RUGB0002-275x300.png 275w, https:\/\/www.sportspartner.fr\/wp-content\/uploads\/2019\/02\/Poteaux-de-Rugby-RUGB0001-RUGB0002-230x251.png 230w\" sizes=\"(max-width: 478px) 100vw, 478px\" \/><\/figure><\/div>\n","protected":false},"excerpt":{"rendered":"<p>Fabriqu\u00e9 \u00e0 l&#8217;aide de profil\u00e9s en aluminium rond, laqu\u00e9s et renforc\u00e9s de 120 mm. Les poteaux sont disponibles en 8 ou 12 m\u00e8tres de hauteur. Fix\u00e9s au sol avec des fourreaux de scellement (non inclus). Ils sont approuv\u00e9 par la FPR, la F\u00e9d\u00e9ration Portugaise de Rugby.<\/p>\n","protected":false},"author":1,"featured_media":0,"parent":0,"menu_order":0,"comment_status":"closed","ping_status":"closed","template":"","meta":[],"_links":{"self":[{"href":"https:\/\/www.sportspartner.fr\/index.php\/wp-json\/wp\/v2\/pages\/166"}],"collection":[{"href":"https:\/\/www.sportspartner.fr\/index.php\/wp-json\/wp\/v2\/pages"}],"about":[{"href":"https:\/\/www.sportspartner.fr\/index.php\/wp-json\/wp\/v2\/types\/page"}],"author":[{"embeddable":true,"href":"https:\/\/www.sportspartner.fr\/index.php\/wp-json\/wp\/v2\/users\/1"}],"replies":[{"embeddable":true,"href":"https:\/\/www.sportspartner.fr\/index.php\/wp-json\/wp\/v2\/comments?post=166"}],"version-history":[{"count":5,"href":"https:\/\/www.sportspartner.fr\/index.php\/wp-json\/wp\/v2\/pages\/166\/revisions"}],"predecessor-version":[{"id":687,"href":"https:\/\/www.sportspartner.fr\/index.php\/wp-json\/wp\/v2\/pages\/166\/revisions\/687"}],"wp:attachment":[{"href":"https:\/\/www.sportspartner.fr\/index.php\/wp-json\/wp\/v2\/media?parent=166"}],"curies":[{"name":"wp","href":"https:\/\/api.w.org\/{rel}","templated":true}]}}