{"id":150,"date":"2019-02-20T15:49:18","date_gmt":"2019-02-20T14:49:18","guid":{"rendered":"http:\/\/www.sportspartner.fr\/?page_id=150"},"modified":"2019-04-04T17:43:20","modified_gmt":"2019-04-04T15:43:20","slug":"sol-sportif-exterieur","status":"publish","type":"page","link":"https:\/\/www.sportspartner.fr\/index.php\/sol-sportif-exterieur\/","title":{"rendered":"Patmos FLEX"},"content":{"rendered":"\n<p>Avec <strong>Patmos Flex<\/strong>, sol sportif ext\u00e9rieur modulaire nouvelle g\u00e9n\u00e9ration, vous pouvez combiner le <strong>drainage de l\u2019eau et le confort de jeu<\/strong>. Tout cela gr\u00e2ce \u00e0 l\u2019installation d\u2019une<strong> sous-couche en mousse sp\u00e9ciale sous les dalles<\/strong>.  Les courts ext\u00e9rieurs avec absorption verticale des chocs, c&#8217;est maintenant une r\u00e9alit\u00e9 !<\/p>\n\n\n\n<p><strong>Fiche produit<\/strong><\/p>\n\n\n\n<ul><li> Dimension : 25 x 25 x 1,1cm &#8211; livraison en dalles pr\u00e9-assembl\u00e9es de 1m\u00b2 <\/li><li>Approuv\u00e9 EN 14877 (rev\u00eatements synth\u00e9tiques pour terrains de sport en plein air)<\/li><li>Garantie : 15 ans<\/li><li>R\u00e9sistance au solvant : Excellente<\/li><li>R\u00e9ceptivit\u00e9 de la peinture : Tr\u00e8s bonne (marquage en usine possible)<\/li><li>Trait\u00e9 pour r\u00e9sister aux rayons UVs <\/li><li>Sous-couche drainante: 4mm<\/li><\/ul>\n\n\n\n<div class=\"wp-block-button is-style-squared\"><a class=\"wp-block-button__link\" href=\"http:\/\/www.sportspartner.fr\/index.php\/demande-de-devis\/\">Demande de devis<\/a><\/div>\n\n\n\n<ul class=\"wp-block-gallery columns-3 is-cropped\"><li class=\"blocks-gallery-item\"><figure><img loading=\"lazy\" width=\"1024\" height=\"768\" src=\"http:\/\/www.sportspartner.fr\/wp-content\/uploads\/2019\/02\/DSCN1057-1024x768.jpg\" alt=\"\" data-id=\"151\" data-link=\"http:\/\/www.sportspartner.fr\/?attachment_id=151\" class=\"wp-image-151\" srcset=\"https:\/\/www.sportspartner.fr\/wp-content\/uploads\/2019\/02\/DSCN1057-1024x768.jpg 1024w, https:\/\/www.sportspartner.fr\/wp-content\/uploads\/2019\/02\/DSCN1057-300x225.jpg 300w, https:\/\/www.sportspartner.fr\/wp-content\/uploads\/2019\/02\/DSCN1057-768x576.jpg 768w, https:\/\/www.sportspartner.fr\/wp-content\/uploads\/2019\/02\/DSCN1057-830x623.jpg 830w, https:\/\/www.sportspartner.fr\/wp-content\/uploads\/2019\/02\/DSCN1057-230x173.jpg 230w, https:\/\/www.sportspartner.fr\/wp-content\/uploads\/2019\/02\/DSCN1057-350x263.jpg 350w, https:\/\/www.sportspartner.fr\/wp-content\/uploads\/2019\/02\/DSCN1057-480x360.jpg 480w\" sizes=\"(max-width: 1024px) 100vw, 1024px\" \/><\/figure><\/li><li class=\"blocks-gallery-item\"><figure><img loading=\"lazy\" width=\"609\" height=\"457\" src=\"http:\/\/www.sportspartner.fr\/wp-content\/uploads\/2019\/02\/Montbrun-2014-3.jpg\" alt=\"\" data-id=\"153\" data-link=\"http:\/\/www.sportspartner.fr\/?attachment_id=153\" class=\"wp-image-153\" srcset=\"https:\/\/www.sportspartner.fr\/wp-content\/uploads\/2019\/02\/Montbrun-2014-3.jpg 609w, https:\/\/www.sportspartner.fr\/wp-content\/uploads\/2019\/02\/Montbrun-2014-3-300x225.jpg 300w, https:\/\/www.sportspartner.fr\/wp-content\/uploads\/2019\/02\/Montbrun-2014-3-230x173.jpg 230w, https:\/\/www.sportspartner.fr\/wp-content\/uploads\/2019\/02\/Montbrun-2014-3-350x263.jpg 350w, https:\/\/www.sportspartner.fr\/wp-content\/uploads\/2019\/02\/Montbrun-2014-3-480x360.jpg 480w\" sizes=\"(max-width: 609px) 100vw, 609px\" \/><\/figure><\/li><li class=\"blocks-gallery-item\"><figure><img loading=\"lazy\" width=\"1024\" height=\"768\" src=\"http:\/\/www.sportspartner.fr\/wp-content\/uploads\/2019\/02\/DSCN1066-1024x768.jpg\" alt=\"\" data-id=\"152\" data-link=\"http:\/\/www.sportspartner.fr\/?attachment_id=152\" class=\"wp-image-152\" srcset=\"https:\/\/www.sportspartner.fr\/wp-content\/uploads\/2019\/02\/DSCN1066-1024x768.jpg 1024w, https:\/\/www.sportspartner.fr\/wp-content\/uploads\/2019\/02\/DSCN1066-300x225.jpg 300w, https:\/\/www.sportspartner.fr\/wp-content\/uploads\/2019\/02\/DSCN1066-768x576.jpg 768w, https:\/\/www.sportspartner.fr\/wp-content\/uploads\/2019\/02\/DSCN1066-830x623.jpg 830w, https:\/\/www.sportspartner.fr\/wp-content\/uploads\/2019\/02\/DSCN1066-230x173.jpg 230w, https:\/\/www.sportspartner.fr\/wp-content\/uploads\/2019\/02\/DSCN1066-350x263.jpg 350w, https:\/\/www.sportspartner.fr\/wp-content\/uploads\/2019\/02\/DSCN1066-480x360.jpg 480w\" sizes=\"(max-width: 1024px) 100vw, 1024px\" \/><\/figure><\/li><li class=\"blocks-gallery-item\"><figure><img loading=\"lazy\" width=\"673\" height=\"539\" src=\"http:\/\/www.sportspartner.fr\/wp-content\/uploads\/2019\/02\/patmos_Flex_3D_Big.jpg\" alt=\"\" data-id=\"154\" data-link=\"http:\/\/www.sportspartner.fr\/?attachment_id=154\" class=\"wp-image-154\" srcset=\"https:\/\/www.sportspartner.fr\/wp-content\/uploads\/2019\/02\/patmos_Flex_3D_Big.jpg 673w, https:\/\/www.sportspartner.fr\/wp-content\/uploads\/2019\/02\/patmos_Flex_3D_Big-300x240.jpg 300w, https:\/\/www.sportspartner.fr\/wp-content\/uploads\/2019\/02\/patmos_Flex_3D_Big-230x184.jpg 230w, https:\/\/www.sportspartner.fr\/wp-content\/uploads\/2019\/02\/patmos_Flex_3D_Big-350x280.jpg 350w, https:\/\/www.sportspartner.fr\/wp-content\/uploads\/2019\/02\/patmos_Flex_3D_Big-480x384.jpg 480w\" sizes=\"(max-width: 673px) 100vw, 673px\" \/><\/figure><\/li><li class=\"blocks-gallery-item\"><figure><img loading=\"lazy\" width=\"438\" height=\"519\" src=\"http:\/\/www.sportspartner.fr\/wp-content\/uploads\/2019\/03\/Sch\u00e9ma_Patmos-Flex.jpg\" alt=\"\" data-id=\"552\" data-link=\"http:\/\/www.sportspartner.fr\/index.php\/patmos-flex\/schema_patmos-flex\/\" class=\"wp-image-552\" srcset=\"https:\/\/www.sportspartner.fr\/wp-content\/uploads\/2019\/03\/Sch\u00e9ma_Patmos-Flex.jpg 438w, https:\/\/www.sportspartner.fr\/wp-content\/uploads\/2019\/03\/Sch\u00e9ma_Patmos-Flex-253x300.jpg 253w, https:\/\/www.sportspartner.fr\/wp-content\/uploads\/2019\/03\/Sch\u00e9ma_Patmos-Flex-230x273.jpg 230w, https:\/\/www.sportspartner.fr\/wp-content\/uploads\/2019\/03\/Sch\u00e9ma_Patmos-Flex-350x415.jpg 350w\" sizes=\"(max-width: 438px) 100vw, 438px\" \/><\/figure><\/li><\/ul>\n\n\n\n<figure class=\"wp-block-image\"><img loading=\"lazy\" width=\"1024\" height=\"685\" src=\"http:\/\/www.sportspartner.fr\/wp-content\/uploads\/2019\/03\/Patmox-Flex-2-1024x685.jpg\" alt=\"\" class=\"wp-image-553\" srcset=\"https:\/\/www.sportspartner.fr\/wp-content\/uploads\/2019\/03\/Patmox-Flex-2-1024x685.jpg 1024w, https:\/\/www.sportspartner.fr\/wp-content\/uploads\/2019\/03\/Patmox-Flex-2-300x201.jpg 300w, https:\/\/www.sportspartner.fr\/wp-content\/uploads\/2019\/03\/Patmox-Flex-2-768x514.jpg 768w, https:\/\/www.sportspartner.fr\/wp-content\/uploads\/2019\/03\/Patmox-Flex-2-830x555.jpg 830w, https:\/\/www.sportspartner.fr\/wp-content\/uploads\/2019\/03\/Patmox-Flex-2-230x154.jpg 230w, https:\/\/www.sportspartner.fr\/wp-content\/uploads\/2019\/03\/Patmox-Flex-2-350x234.jpg 350w, https:\/\/www.sportspartner.fr\/wp-content\/uploads\/2019\/03\/Patmox-Flex-2-480x321.jpg 480w, https:\/\/www.sportspartner.fr\/wp-content\/uploads\/2019\/03\/Patmox-Flex-2.jpg 1200w\" sizes=\"(max-width: 1024px) 100vw, 1024px\" \/><\/figure>\n\n\n\n<h2>Une vraie am\u00e9lioration du sol sportif en ext\u00e9rieur<\/h2>\n\n\n\n<p>La sous couche en mousse offre flexibilit\u00e9 et confort pour les enceintes sportives ext\u00e9rieures, m\u00eames \u00e9ph\u00e9m\u00e8res. Les espacements millim\u00e9triques entre les dalles fonctionnent conjointement avec la flexibilit\u00e9 de la sous couche en mousse. Elles prot\u00e8gent ainsi les articulations des athl\u00e8tes lors des efforts de torsion et r\u00e9duisent la fatigue, tout en maintenant la capacit\u00e9 de drainage de l&#8217;eau. <\/p>\n\n\n\n<figure class=\"wp-block-image\"><img loading=\"lazy\" width=\"614\" height=\"396\" src=\"http:\/\/www.sportspartner.fr\/wp-content\/uploads\/2019\/03\/Patmos-Flex-et-sous-couche.jpg\" alt=\"\" class=\"wp-image-555\" srcset=\"https:\/\/www.sportspartner.fr\/wp-content\/uploads\/2019\/03\/Patmos-Flex-et-sous-couche.jpg 614w, https:\/\/www.sportspartner.fr\/wp-content\/uploads\/2019\/03\/Patmos-Flex-et-sous-couche-300x193.jpg 300w, https:\/\/www.sportspartner.fr\/wp-content\/uploads\/2019\/03\/Patmos-Flex-et-sous-couche-230x148.jpg 230w, https:\/\/www.sportspartner.fr\/wp-content\/uploads\/2019\/03\/Patmos-Flex-et-sous-couche-350x226.jpg 350w, https:\/\/www.sportspartner.fr\/wp-content\/uploads\/2019\/03\/Patmos-Flex-et-sous-couche-480x310.jpg 480w\" sizes=\"(max-width: 614px) 100vw, 614px\" \/><\/figure>\n\n\n\n<h2>\u00c9conomies, facilit\u00e9 et rapidit\u00e9 d&#8217;installation <\/h2>\n\n\n\n<p>Le sol Patmos Flex est un sol modulaire compos\u00e9 de modules de 25 cm x 25 cm et de 7 raccords permettant un montage \/ d\u00e9montage ais\u00e9 \u00e0 travers les raccords m\u00e2le \/ femelle. Et une \u00e9conomie de temps et d&#8217;argent pour r\u00e9parer le sol en cas d&#8217;accident. En effet, il suffit uniquement de changer la dalle endommag\u00e9e ! Nul besoin d&#8217;adh\u00e9sifs sur la chauss\u00e9e, ce qui rend les dalles amovibles et portables vers d&#8217;autres espaces. Et tout cela avec une garantie de 15 ans !<\/p>\n\n\n\n<figure class=\"wp-block-image\"><img loading=\"lazy\" width=\"600\" height=\"394\" src=\"http:\/\/www.sportspartner.fr\/wp-content\/uploads\/2019\/03\/Patmos-et-accessoires.jpg\" alt=\"\" class=\"wp-image-556\" srcset=\"https:\/\/www.sportspartner.fr\/wp-content\/uploads\/2019\/03\/Patmos-et-accessoires.jpg 600w, https:\/\/www.sportspartner.fr\/wp-content\/uploads\/2019\/03\/Patmos-et-accessoires-300x197.jpg 300w, https:\/\/www.sportspartner.fr\/wp-content\/uploads\/2019\/03\/Patmos-et-accessoires-230x151.jpg 230w, https:\/\/www.sportspartner.fr\/wp-content\/uploads\/2019\/03\/Patmos-et-accessoires-350x230.jpg 350w, https:\/\/www.sportspartner.fr\/wp-content\/uploads\/2019\/03\/Patmos-et-accessoires-480x315.jpg 480w\" sizes=\"(max-width: 600px) 100vw, 600px\" \/><\/figure>\n","protected":false},"excerpt":{"rendered":"<p>Avec Patmos Flex, sol sportif ext\u00e9rieur modulaire nouvelle g\u00e9n\u00e9ration, vous pouvez combiner le drainage de l\u2019eau et le confort de jeu. Tout cela gr\u00e2ce \u00e0 l\u2019installation d\u2019une sous-couche en mousse sp\u00e9ciale sous les dalles. Les courts ext\u00e9rieurs avec absorption verticale des chocs, c&#8217;est maintenant une r\u00e9alit\u00e9 ! Fiche produit Dimension : 25 x 25 x [&hellip;]<\/p>\n","protected":false},"author":1,"featured_media":0,"parent":0,"menu_order":0,"comment_status":"closed","ping_status":"closed","template":"","meta":[],"_links":{"self":[{"href":"https:\/\/www.sportspartner.fr\/index.php\/wp-json\/wp\/v2\/pages\/150"}],"collection":[{"href":"https:\/\/www.sportspartner.fr\/index.php\/wp-json\/wp\/v2\/pages"}],"about":[{"href":"https:\/\/www.sportspartner.fr\/index.php\/wp-json\/wp\/v2\/types\/page"}],"author":[{"embeddable":true,"href":"https:\/\/www.sportspartner.fr\/index.php\/wp-json\/wp\/v2\/users\/1"}],"replies":[{"embeddable":true,"href":"https:\/\/www.sportspartner.fr\/index.php\/wp-json\/wp\/v2\/comments?post=150"}],"version-history":[{"count":13,"href":"https:\/\/www.sportspartner.fr\/index.php\/wp-json\/wp\/v2\/pages\/150\/revisions"}],"predecessor-version":[{"id":681,"href":"https:\/\/www.sportspartner.fr\/index.php\/wp-json\/wp\/v2\/pages\/150\/revisions\/681"}],"wp:attachment":[{"href":"https:\/\/www.sportspartner.fr\/index.php\/wp-json\/wp\/v2\/media?parent=150"}],"curies":[{"name":"wp","href":"https:\/\/api.w.org\/{rel}","templated":true}]}}