{"id":141,"date":"2019-02-20T15:45:29","date_gmt":"2019-02-20T14:45:29","guid":{"rendered":"http:\/\/www.sportspartner.fr\/?page_id=141"},"modified":"2019-03-21T10:13:10","modified_gmt":"2019-03-21T09:13:10","slug":"sols-sportifs-exterieurs","status":"publish","type":"page","link":"https:\/\/www.sportspartner.fr\/index.php\/sols-sportifs-exterieurs\/","title":{"rendered":"Sols sportifs ext\u00e9rieurs"},"content":{"rendered":"\n<p> <strong>D\u00e9couvrez nos gammes de sols sportifs ext\u00e9rieurs<\/strong> :&nbsp;  Drainage et performance pour les sites ext\u00e9rieurs, c\u2019est la carte de visite de la gamme Patmos ! Le sol en dalle polypropyl\u00e8ne a \u00e9t\u00e9 con\u00e7u pour am\u00e9liorer la pratique des sports en plein air. Installation rapide, avec peu de frais de maintenance et <strong>15 ans de garantie<\/strong>. <\/p>\n\n\n\n<p><strong>Caract\u00e9ristique de la gamme<\/strong>&nbsp;: Les petites dalles carr\u00e9s qui forment ce sol modulaire ext\u00e9rieur pr\u00e9sentent de faibles niveaux d\u2019abrasion, ce qui minimise l\u2019effort de ceux qui marchent dessus. Les couleurs ne seront \u00e9galement jamais un probl\u00e8me pour la gamme Patmos, \u00e9tant donn\u00e9 la vari\u00e9t\u00e9 d\u2019options \u00e0 choisir. Vous pouvez choisir ici la couleur et la gamme qui correspond le mieux \u00e0 votre zone multi-sports ext\u00e9rieure.<\/p>\n\n\n\n<p> N&#8217;h\u00e9sitez plus, d\u00e9couvrez nos gammes de sols sportifs ext\u00e9rieurs : <\/p>\n\n\n\n<div class=\"wp-block-button alignleft is-style-squared\"><a class=\"wp-block-button__link\" href=\"http:\/\/www.sportspartner.fr\/index.php\/sol-sportif-exterieur\/\">Patmos FLEX<\/a><\/div>\n\n\n\n<div class=\"wp-block-button is-style-squared\"><a class=\"wp-block-button__link\" href=\"http:\/\/www.sportspartner.fr\/index.php\/patmos-master\/\">Patmos MASTER<\/a><\/div>\n\n\n\n<div class=\"wp-block-button is-style-squared\"><a class=\"wp-block-button__link\" href=\"http:\/\/www.sportspartner.fr\/index.php\/surfaces-de-jeux-exterieures\/\">Patmos EVOLUTION<\/a><\/div>\n\n\n\n<ul class=\"wp-block-gallery columns-3 is-cropped\"><li class=\"blocks-gallery-item\"><figure><img loading=\"lazy\" width=\"1024\" height=\"682\" src=\"http:\/\/www.sportspartner.fr\/wp-content\/uploads\/2019\/02\/DSC_6603-1024x682.jpg\" alt=\"\" data-id=\"144\" data-link=\"http:\/\/www.sportspartner.fr\/index.php\/gamme-exterieure\/dsc_6603\/\" class=\"wp-image-144\" srcset=\"https:\/\/www.sportspartner.fr\/wp-content\/uploads\/2019\/02\/DSC_6603-1024x682.jpg 1024w, https:\/\/www.sportspartner.fr\/wp-content\/uploads\/2019\/02\/DSC_6603-300x200.jpg 300w, https:\/\/www.sportspartner.fr\/wp-content\/uploads\/2019\/02\/DSC_6603-768x512.jpg 768w, https:\/\/www.sportspartner.fr\/wp-content\/uploads\/2019\/02\/DSC_6603-830x553.jpg 830w, https:\/\/www.sportspartner.fr\/wp-content\/uploads\/2019\/02\/DSC_6603-230x153.jpg 230w, https:\/\/www.sportspartner.fr\/wp-content\/uploads\/2019\/02\/DSC_6603-350x233.jpg 350w, https:\/\/www.sportspartner.fr\/wp-content\/uploads\/2019\/02\/DSC_6603-480x320.jpg 480w, https:\/\/www.sportspartner.fr\/wp-content\/uploads\/2019\/02\/DSC_6603.jpg 1280w\" sizes=\"(max-width: 1024px) 100vw, 1024px\" \/><\/figure><\/li><li class=\"blocks-gallery-item\"><figure><img loading=\"lazy\" width=\"1024\" height=\"768\" src=\"http:\/\/www.sportspartner.fr\/wp-content\/uploads\/2019\/02\/DSCN1061-1024x768.jpg\" alt=\"\" data-id=\"146\" data-link=\"http:\/\/www.sportspartner.fr\/index.php\/gamme-exterieure\/dscn1061\/\" class=\"wp-image-146\" srcset=\"https:\/\/www.sportspartner.fr\/wp-content\/uploads\/2019\/02\/DSCN1061-1024x768.jpg 1024w, https:\/\/www.sportspartner.fr\/wp-content\/uploads\/2019\/02\/DSCN1061-300x225.jpg 300w, https:\/\/www.sportspartner.fr\/wp-content\/uploads\/2019\/02\/DSCN1061-768x576.jpg 768w, https:\/\/www.sportspartner.fr\/wp-content\/uploads\/2019\/02\/DSCN1061-830x623.jpg 830w, https:\/\/www.sportspartner.fr\/wp-content\/uploads\/2019\/02\/DSCN1061-230x173.jpg 230w, https:\/\/www.sportspartner.fr\/wp-content\/uploads\/2019\/02\/DSCN1061-350x263.jpg 350w, https:\/\/www.sportspartner.fr\/wp-content\/uploads\/2019\/02\/DSCN1061-480x360.jpg 480w\" sizes=\"(max-width: 1024px) 100vw, 1024px\" \/><\/figure><\/li><li class=\"blocks-gallery-item\"><figure><img loading=\"lazy\" width=\"1024\" height=\"685\" src=\"http:\/\/www.sportspartner.fr\/wp-content\/uploads\/2019\/02\/swiss_basket_3-1-1024x685.jpg\" alt=\"\" data-id=\"148\" data-link=\"http:\/\/www.sportspartner.fr\/index.php\/gamme-exterieure\/swiss_basket_3-1\/\" class=\"wp-image-148\" srcset=\"https:\/\/www.sportspartner.fr\/wp-content\/uploads\/2019\/02\/swiss_basket_3-1-1024x685.jpg 1024w, https:\/\/www.sportspartner.fr\/wp-content\/uploads\/2019\/02\/swiss_basket_3-1-300x201.jpg 300w, https:\/\/www.sportspartner.fr\/wp-content\/uploads\/2019\/02\/swiss_basket_3-1-768x514.jpg 768w, https:\/\/www.sportspartner.fr\/wp-content\/uploads\/2019\/02\/swiss_basket_3-1-830x555.jpg 830w, https:\/\/www.sportspartner.fr\/wp-content\/uploads\/2019\/02\/swiss_basket_3-1-230x154.jpg 230w, https:\/\/www.sportspartner.fr\/wp-content\/uploads\/2019\/02\/swiss_basket_3-1-350x234.jpg 350w, https:\/\/www.sportspartner.fr\/wp-content\/uploads\/2019\/02\/swiss_basket_3-1-480x321.jpg 480w, https:\/\/www.sportspartner.fr\/wp-content\/uploads\/2019\/02\/swiss_basket_3-1.jpg 1200w\" sizes=\"(max-width: 1024px) 100vw, 1024px\" \/><\/figure><\/li><li class=\"blocks-gallery-item\"><figure><img loading=\"lazy\" width=\"1024\" height=\"715\" src=\"http:\/\/www.sportspartner.fr\/wp-content\/uploads\/2019\/02\/Patmos-1024x715.png\" alt=\"\" data-id=\"147\" data-link=\"http:\/\/www.sportspartner.fr\/index.php\/gamme-exterieure\/patmos\/\" class=\"wp-image-147\" srcset=\"https:\/\/www.sportspartner.fr\/wp-content\/uploads\/2019\/02\/Patmos-1024x715.png 1024w, https:\/\/www.sportspartner.fr\/wp-content\/uploads\/2019\/02\/Patmos-300x210.png 300w, https:\/\/www.sportspartner.fr\/wp-content\/uploads\/2019\/02\/Patmos-768x536.png 768w, https:\/\/www.sportspartner.fr\/wp-content\/uploads\/2019\/02\/Patmos-830x580.png 830w, https:\/\/www.sportspartner.fr\/wp-content\/uploads\/2019\/02\/Patmos-230x161.png 230w, https:\/\/www.sportspartner.fr\/wp-content\/uploads\/2019\/02\/Patmos-350x244.png 350w, https:\/\/www.sportspartner.fr\/wp-content\/uploads\/2019\/02\/Patmos-480x335.png 480w, https:\/\/www.sportspartner.fr\/wp-content\/uploads\/2019\/02\/Patmos.png 1360w\" sizes=\"(max-width: 1024px) 100vw, 1024px\" \/><\/figure><\/li><li class=\"blocks-gallery-item\"><figure><img loading=\"lazy\" width=\"1024\" height=\"768\" src=\"http:\/\/www.sportspartner.fr\/wp-content\/uploads\/2019\/03\/Patmos-Flex-1-1024x768.jpg\" alt=\"\" data-id=\"536\" data-link=\"http:\/\/www.sportspartner.fr\/index.php\/gamme-exterieure\/patmos-flex-1\/\" class=\"wp-image-536\" srcset=\"https:\/\/www.sportspartner.fr\/wp-content\/uploads\/2019\/03\/Patmos-Flex-1-1024x768.jpg 1024w, https:\/\/www.sportspartner.fr\/wp-content\/uploads\/2019\/03\/Patmos-Flex-1-300x225.jpg 300w, https:\/\/www.sportspartner.fr\/wp-content\/uploads\/2019\/03\/Patmos-Flex-1-768x576.jpg 768w, https:\/\/www.sportspartner.fr\/wp-content\/uploads\/2019\/03\/Patmos-Flex-1-830x623.jpg 830w, https:\/\/www.sportspartner.fr\/wp-content\/uploads\/2019\/03\/Patmos-Flex-1-230x173.jpg 230w, https:\/\/www.sportspartner.fr\/wp-content\/uploads\/2019\/03\/Patmos-Flex-1-350x263.jpg 350w, https:\/\/www.sportspartner.fr\/wp-content\/uploads\/2019\/03\/Patmos-Flex-1-480x360.jpg 480w, https:\/\/www.sportspartner.fr\/wp-content\/uploads\/2019\/03\/Patmos-Flex-1.jpg 1632w\" sizes=\"(max-width: 1024px) 100vw, 1024px\" \/><\/figure><\/li><li class=\"blocks-gallery-item\"><figure><img loading=\"lazy\" width=\"1024\" height=\"768\" src=\"http:\/\/www.sportspartner.fr\/wp-content\/uploads\/2019\/03\/Patmos-Evolution-2-1024x768.jpg\" alt=\"\" data-id=\"538\" data-link=\"http:\/\/www.sportspartner.fr\/index.php\/gamme-exterieure\/patmos-evolution-2\/\" class=\"wp-image-538\" srcset=\"https:\/\/www.sportspartner.fr\/wp-content\/uploads\/2019\/03\/Patmos-Evolution-2-1024x768.jpg 1024w, https:\/\/www.sportspartner.fr\/wp-content\/uploads\/2019\/03\/Patmos-Evolution-2-300x225.jpg 300w, https:\/\/www.sportspartner.fr\/wp-content\/uploads\/2019\/03\/Patmos-Evolution-2-768x576.jpg 768w, https:\/\/www.sportspartner.fr\/wp-content\/uploads\/2019\/03\/Patmos-Evolution-2-830x623.jpg 830w, https:\/\/www.sportspartner.fr\/wp-content\/uploads\/2019\/03\/Patmos-Evolution-2-230x173.jpg 230w, https:\/\/www.sportspartner.fr\/wp-content\/uploads\/2019\/03\/Patmos-Evolution-2-350x263.jpg 350w, https:\/\/www.sportspartner.fr\/wp-content\/uploads\/2019\/03\/Patmos-Evolution-2-480x360.jpg 480w\" sizes=\"(max-width: 1024px) 100vw, 1024px\" \/><\/figure><\/li><\/ul>\n","protected":false},"excerpt":{"rendered":"<p>D\u00e9couvrez nos gammes de sols sportifs ext\u00e9rieurs :&nbsp; Drainage et performance pour les sites ext\u00e9rieurs, c\u2019est la carte de visite de la gamme Patmos ! Le sol en dalle polypropyl\u00e8ne a \u00e9t\u00e9 con\u00e7u pour am\u00e9liorer la pratique des sports en plein air. Installation rapide, avec peu de frais de maintenance et 15 ans de garantie. [&hellip;]<\/p>\n","protected":false},"author":1,"featured_media":0,"parent":0,"menu_order":0,"comment_status":"closed","ping_status":"closed","template":"","meta":[],"_links":{"self":[{"href":"https:\/\/www.sportspartner.fr\/index.php\/wp-json\/wp\/v2\/pages\/141"}],"collection":[{"href":"https:\/\/www.sportspartner.fr\/index.php\/wp-json\/wp\/v2\/pages"}],"about":[{"href":"https:\/\/www.sportspartner.fr\/index.php\/wp-json\/wp\/v2\/types\/page"}],"author":[{"embeddable":true,"href":"https:\/\/www.sportspartner.fr\/index.php\/wp-json\/wp\/v2\/users\/1"}],"replies":[{"embeddable":true,"href":"https:\/\/www.sportspartner.fr\/index.php\/wp-json\/wp\/v2\/comments?post=141"}],"version-history":[{"count":10,"href":"https:\/\/www.sportspartner.fr\/index.php\/wp-json\/wp\/v2\/pages\/141\/revisions"}],"predecessor-version":[{"id":584,"href":"https:\/\/www.sportspartner.fr\/index.php\/wp-json\/wp\/v2\/pages\/141\/revisions\/584"}],"wp:attachment":[{"href":"https:\/\/www.sportspartner.fr\/index.php\/wp-json\/wp\/v2\/media?parent=141"}],"curies":[{"name":"wp","href":"https:\/\/api.w.org\/{rel}","templated":true}]}}