{"id":134,"date":"2019-02-20T15:43:04","date_gmt":"2019-02-20T14:43:04","guid":{"rendered":"http:\/\/www.sportspartner.fr\/?page_id=134"},"modified":"2019-04-04T17:42:53","modified_gmt":"2019-04-04T15:42:53","slug":"surfaces-de-jeux-exterieures","status":"publish","type":"page","link":"https:\/\/www.sportspartner.fr\/index.php\/surfaces-de-jeux-exterieures\/","title":{"rendered":"Patmos EVOLUTION"},"content":{"rendered":"\n<p>Les surfaces de jeux ext\u00e9rieures subissent les assaults du temps : pluie, humidit\u00e9, terrains inond\u00e9s et matchs annul\u00e9s. Oubliez ces sc\u00e9narios, car <strong>Patmos Evolution<\/strong> a \u00e9t\u00e9 con\u00e7u pour <strong>drainer rapidement l\u2019eau<\/strong>. Gr\u00e2ce au d\u00e9veloppement de notre surface anti d\u00e9rapante unique, votre espace sportif ext\u00e9rieur sera toujours pr\u00eat \u00e0 jouer. <\/p>\n\n\n\n<p><strong>Fiche produit <\/strong><\/p>\n\n\n\n<ul><li>Dimension : 25 x 25 x 1,1cm &#8211; livraison en dalles pr\u00e9-assembl\u00e9es de 1m\u00b2 <\/li><li>Approuv\u00e9 EN 14877  (rev\u00eatements synth\u00e9tiques pour terrains de sport en plein air)<\/li><li>Garantie : 15 ans<\/li><li>R\u00e9sistance au solvant\u00a0: Excellente<\/li><li>R\u00e9ceptivit\u00e9 de la peinture : Tr\u00e8s bonne (marquage en usine possible)<\/li><li>Trait\u00e9 pour r\u00e9sister aux rayons UVs<\/li><\/ul>\n\n\n\n<div class=\"wp-block-button is-style-squared\"><a class=\"wp-block-button__link\" href=\"http:\/\/www.sportspartner.fr\/index.php\/demande-de-devis\/\"><strong>Demande de devis<\/strong><\/a><\/div>\n\n\n\n<ul class=\"wp-block-gallery columns-3 is-cropped\"><li class=\"blocks-gallery-item\"><figure><img loading=\"lazy\" width=\"1024\" height=\"772\" src=\"http:\/\/www.sportspartner.fr\/wp-content\/uploads\/2019\/02\/A-1024x772.jpg\" alt=\"\" data-id=\"136\" data-link=\"http:\/\/www.sportspartner.fr\/?attachment_id=136\" class=\"wp-image-136\" srcset=\"https:\/\/www.sportspartner.fr\/wp-content\/uploads\/2019\/02\/A-1024x772.jpg 1024w, https:\/\/www.sportspartner.fr\/wp-content\/uploads\/2019\/02\/A-300x226.jpg 300w, https:\/\/www.sportspartner.fr\/wp-content\/uploads\/2019\/02\/A-768x579.jpg 768w, https:\/\/www.sportspartner.fr\/wp-content\/uploads\/2019\/02\/A-830x625.jpg 830w, https:\/\/www.sportspartner.fr\/wp-content\/uploads\/2019\/02\/A-230x173.jpg 230w, https:\/\/www.sportspartner.fr\/wp-content\/uploads\/2019\/02\/A-350x264.jpg 350w, https:\/\/www.sportspartner.fr\/wp-content\/uploads\/2019\/02\/A-480x362.jpg 480w, https:\/\/www.sportspartner.fr\/wp-content\/uploads\/2019\/02\/A.jpg 1724w\" sizes=\"(max-width: 1024px) 100vw, 1024px\" \/><\/figure><\/li><li class=\"blocks-gallery-item\"><figure><img loading=\"lazy\" width=\"1024\" height=\"590\" src=\"http:\/\/www.sportspartner.fr\/wp-content\/uploads\/2019\/02\/Angola-1-1024x590.jpg\" alt=\"\" data-id=\"137\" data-link=\"http:\/\/www.sportspartner.fr\/?attachment_id=137\" class=\"wp-image-137\" srcset=\"https:\/\/www.sportspartner.fr\/wp-content\/uploads\/2019\/02\/Angola-1-1024x590.jpg 1024w, https:\/\/www.sportspartner.fr\/wp-content\/uploads\/2019\/02\/Angola-1-300x173.jpg 300w, https:\/\/www.sportspartner.fr\/wp-content\/uploads\/2019\/02\/Angola-1-768x442.jpg 768w, https:\/\/www.sportspartner.fr\/wp-content\/uploads\/2019\/02\/Angola-1-830x478.jpg 830w, https:\/\/www.sportspartner.fr\/wp-content\/uploads\/2019\/02\/Angola-1-230x132.jpg 230w, https:\/\/www.sportspartner.fr\/wp-content\/uploads\/2019\/02\/Angola-1-350x202.jpg 350w, https:\/\/www.sportspartner.fr\/wp-content\/uploads\/2019\/02\/Angola-1-480x276.jpg 480w, https:\/\/www.sportspartner.fr\/wp-content\/uploads\/2019\/02\/Angola-1.jpg 1280w\" sizes=\"(max-width: 1024px) 100vw, 1024px\" \/><\/figure><\/li><li class=\"blocks-gallery-item\"><figure><img loading=\"lazy\" width=\"1024\" height=\"768\" src=\"http:\/\/www.sportspartner.fr\/wp-content\/uploads\/2019\/02\/DJI-01167-1-1024x768.jpg\" alt=\"\" data-id=\"138\" data-link=\"http:\/\/www.sportspartner.fr\/?attachment_id=138\" class=\"wp-image-138\" srcset=\"https:\/\/www.sportspartner.fr\/wp-content\/uploads\/2019\/02\/DJI-01167-1.jpg 1024w, https:\/\/www.sportspartner.fr\/wp-content\/uploads\/2019\/02\/DJI-01167-1-300x225.jpg 300w, https:\/\/www.sportspartner.fr\/wp-content\/uploads\/2019\/02\/DJI-01167-1-768x576.jpg 768w, https:\/\/www.sportspartner.fr\/wp-content\/uploads\/2019\/02\/DJI-01167-1-830x623.jpg 830w, https:\/\/www.sportspartner.fr\/wp-content\/uploads\/2019\/02\/DJI-01167-1-230x173.jpg 230w, https:\/\/www.sportspartner.fr\/wp-content\/uploads\/2019\/02\/DJI-01167-1-350x263.jpg 350w, https:\/\/www.sportspartner.fr\/wp-content\/uploads\/2019\/02\/DJI-01167-1-480x360.jpg 480w\" sizes=\"(max-width: 1024px) 100vw, 1024px\" \/><\/figure><\/li><li class=\"blocks-gallery-item\"><figure><img loading=\"lazy\" width=\"673\" height=\"539\" src=\"http:\/\/www.sportspartner.fr\/wp-content\/uploads\/2019\/02\/patmos_Evolution_3D_Big.jpg\" alt=\"\" data-id=\"135\" data-link=\"http:\/\/www.sportspartner.fr\/?attachment_id=135\" class=\"wp-image-135\" srcset=\"https:\/\/www.sportspartner.fr\/wp-content\/uploads\/2019\/02\/patmos_Evolution_3D_Big.jpg 673w, https:\/\/www.sportspartner.fr\/wp-content\/uploads\/2019\/02\/patmos_Evolution_3D_Big-300x240.jpg 300w, https:\/\/www.sportspartner.fr\/wp-content\/uploads\/2019\/02\/patmos_Evolution_3D_Big-230x184.jpg 230w, https:\/\/www.sportspartner.fr\/wp-content\/uploads\/2019\/02\/patmos_Evolution_3D_Big-350x280.jpg 350w, https:\/\/www.sportspartner.fr\/wp-content\/uploads\/2019\/02\/patmos_Evolution_3D_Big-480x384.jpg 480w\" sizes=\"(max-width: 673px) 100vw, 673px\" \/><\/figure><\/li><li class=\"blocks-gallery-item\"><figure><img loading=\"lazy\" width=\"438\" height=\"519\" src=\"http:\/\/www.sportspartner.fr\/wp-content\/uploads\/2019\/03\/Sch\u00e9me_Patmos.jpg\" alt=\"\" data-id=\"544\" data-link=\"http:\/\/www.sportspartner.fr\/index.php\/patmos-evolution\/scheme_patmos\/\" class=\"wp-image-544\" srcset=\"https:\/\/www.sportspartner.fr\/wp-content\/uploads\/2019\/03\/Sch\u00e9me_Patmos.jpg 438w, https:\/\/www.sportspartner.fr\/wp-content\/uploads\/2019\/03\/Sch\u00e9me_Patmos-253x300.jpg 253w, https:\/\/www.sportspartner.fr\/wp-content\/uploads\/2019\/03\/Sch\u00e9me_Patmos-230x273.jpg 230w, https:\/\/www.sportspartner.fr\/wp-content\/uploads\/2019\/03\/Sch\u00e9me_Patmos-350x415.jpg 350w\" sizes=\"(max-width: 438px) 100vw, 438px\" \/><\/figure><\/li><\/ul>\n\n\n\n<figure class=\"wp-block-image\"><img loading=\"lazy\" width=\"1024\" height=\"768\" src=\"http:\/\/www.sportspartner.fr\/wp-content\/uploads\/2019\/03\/DSCN0986-1024x768.jpg\" alt=\"\" class=\"wp-image-540\" srcset=\"https:\/\/www.sportspartner.fr\/wp-content\/uploads\/2019\/03\/DSCN0986-1024x768.jpg 1024w, https:\/\/www.sportspartner.fr\/wp-content\/uploads\/2019\/03\/DSCN0986-300x225.jpg 300w, https:\/\/www.sportspartner.fr\/wp-content\/uploads\/2019\/03\/DSCN0986-768x576.jpg 768w, https:\/\/www.sportspartner.fr\/wp-content\/uploads\/2019\/03\/DSCN0986-830x623.jpg 830w, https:\/\/www.sportspartner.fr\/wp-content\/uploads\/2019\/03\/DSCN0986-230x173.jpg 230w, https:\/\/www.sportspartner.fr\/wp-content\/uploads\/2019\/03\/DSCN0986-350x263.jpg 350w, https:\/\/www.sportspartner.fr\/wp-content\/uploads\/2019\/03\/DSCN0986-480x360.jpg 480w\" sizes=\"(max-width: 1024px) 100vw, 1024px\" \/><\/figure>\n\n\n\n<h3>Surfaces de jeux Multi-sport<\/h3>\n\n\n\n<p>Patmos Evolution est id\u00e9al pour la pratique sportive de plusieurs jeux. Il est possible d&#8217;y pratique tout type de sport y compris le basketball et les sports \u00e0 roulettes comme le roller.<\/p>\n\n\n\n<figure class=\"wp-block-image\"><img loading=\"lazy\" width=\"1024\" height=\"768\" src=\"http:\/\/www.sportspartner.fr\/wp-content\/uploads\/2019\/03\/DSCN1060-1024x768.jpg\" alt=\"\" class=\"wp-image-541\" srcset=\"https:\/\/www.sportspartner.fr\/wp-content\/uploads\/2019\/03\/DSCN1060-1024x768.jpg 1024w, https:\/\/www.sportspartner.fr\/wp-content\/uploads\/2019\/03\/DSCN1060-300x225.jpg 300w, https:\/\/www.sportspartner.fr\/wp-content\/uploads\/2019\/03\/DSCN1060-768x576.jpg 768w, https:\/\/www.sportspartner.fr\/wp-content\/uploads\/2019\/03\/DSCN1060-830x623.jpg 830w, https:\/\/www.sportspartner.fr\/wp-content\/uploads\/2019\/03\/DSCN1060-230x173.jpg 230w, https:\/\/www.sportspartner.fr\/wp-content\/uploads\/2019\/03\/DSCN1060-350x263.jpg 350w, https:\/\/www.sportspartner.fr\/wp-content\/uploads\/2019\/03\/DSCN1060-480x360.jpg 480w\" sizes=\"(max-width: 1024px) 100vw, 1024px\" \/><\/figure>\n\n\n\n<h3>Installation rapide et mobile !<\/h3>\n\n\n\n<p>Nos dalles Patmos pr\u00e9sentent une grande modularit\u00e9 : aucune utilisation d&#8217;adh\u00e9sif sur le sol, tr\u00e8s haute portabilit\u00e9 et les dalles sont empilables. Elles peuvent donc \u00eatre r\u00e9utilis\u00e9es pour de nombreux \u00e9v\u00e9nements et resservir pour d&#8217;autres surfaces de jeux ext\u00e9rieures!<\/p>\n\n\n\n<figure class=\"wp-block-image\"><img loading=\"lazy\" width=\"1024\" height=\"622\" src=\"http:\/\/www.sportspartner.fr\/wp-content\/uploads\/2019\/03\/3x3FIBA-GREECE-Drone-View-1024x622.jpg\" alt=\"\" class=\"wp-image-543\" srcset=\"https:\/\/www.sportspartner.fr\/wp-content\/uploads\/2019\/03\/3x3FIBA-GREECE-Drone-View-1024x622.jpg 1024w, https:\/\/www.sportspartner.fr\/wp-content\/uploads\/2019\/03\/3x3FIBA-GREECE-Drone-View-300x182.jpg 300w, https:\/\/www.sportspartner.fr\/wp-content\/uploads\/2019\/03\/3x3FIBA-GREECE-Drone-View-768x466.jpg 768w, https:\/\/www.sportspartner.fr\/wp-content\/uploads\/2019\/03\/3x3FIBA-GREECE-Drone-View-830x504.jpg 830w, https:\/\/www.sportspartner.fr\/wp-content\/uploads\/2019\/03\/3x3FIBA-GREECE-Drone-View-230x140.jpg 230w, https:\/\/www.sportspartner.fr\/wp-content\/uploads\/2019\/03\/3x3FIBA-GREECE-Drone-View-350x212.jpg 350w, https:\/\/www.sportspartner.fr\/wp-content\/uploads\/2019\/03\/3x3FIBA-GREECE-Drone-View-480x291.jpg 480w\" sizes=\"(max-width: 1024px) 100vw, 1024px\" \/><\/figure>\n","protected":false},"excerpt":{"rendered":"<p>Les surfaces de jeux ext\u00e9rieures subissent les assaults du temps : pluie, humidit\u00e9, terrains inond\u00e9s et matchs annul\u00e9s. Oubliez ces sc\u00e9narios, car Patmos Evolution a \u00e9t\u00e9 con\u00e7u pour drainer rapidement l\u2019eau. Gr\u00e2ce au d\u00e9veloppement de notre surface anti d\u00e9rapante unique, votre espace sportif ext\u00e9rieur sera toujours pr\u00eat \u00e0 jouer. Fiche produit Dimension : 25 x [&hellip;]<\/p>\n","protected":false},"author":1,"featured_media":0,"parent":0,"menu_order":0,"comment_status":"closed","ping_status":"closed","template":"","meta":[],"_links":{"self":[{"href":"https:\/\/www.sportspartner.fr\/index.php\/wp-json\/wp\/v2\/pages\/134"}],"collection":[{"href":"https:\/\/www.sportspartner.fr\/index.php\/wp-json\/wp\/v2\/pages"}],"about":[{"href":"https:\/\/www.sportspartner.fr\/index.php\/wp-json\/wp\/v2\/types\/page"}],"author":[{"embeddable":true,"href":"https:\/\/www.sportspartner.fr\/index.php\/wp-json\/wp\/v2\/users\/1"}],"replies":[{"embeddable":true,"href":"https:\/\/www.sportspartner.fr\/index.php\/wp-json\/wp\/v2\/comments?post=134"}],"version-history":[{"count":14,"href":"https:\/\/www.sportspartner.fr\/index.php\/wp-json\/wp\/v2\/pages\/134\/revisions"}],"predecessor-version":[{"id":680,"href":"https:\/\/www.sportspartner.fr\/index.php\/wp-json\/wp\/v2\/pages\/134\/revisions\/680"}],"wp:attachment":[{"href":"https:\/\/www.sportspartner.fr\/index.php\/wp-json\/wp\/v2\/media?parent=134"}],"curies":[{"name":"wp","href":"https:\/\/api.w.org\/{rel}","templated":true}]}}