{"id":131,"date":"2019-02-20T15:37:09","date_gmt":"2019-02-20T14:37:09","guid":{"rendered":"http:\/\/www.sportspartner.fr\/?page_id=131"},"modified":"2021-06-02T15:50:11","modified_gmt":"2021-06-02T13:50:11","slug":"choisir-sol-sportif","status":"publish","type":"page","link":"https:\/\/www.sportspartner.fr\/index.php\/choisir-sol-sportif\/","title":{"rendered":"Choisir un sol sportif"},"content":{"rendered":"\n<p>Comment choisir le sol sportif qui convient le mieux aux jeux pratiqu\u00e9s sur ma surface? Avant toute chose, il faut d\u00e9terminer l&#8217;utilisation du sol : en int\u00e9rieur ou en ext\u00e9rieur.  Car les solutions de rev\u00eatements de sols sportifs ne manquent pas et peuvent varier diam\u00e9tralement !<\/p>\n\n\n\n<p>En effet, les conditions climatiques comme le soleil, la pluie, le vent ou encore la temp\u00e9rature influencent le choix des mat\u00e9riaux \u00e0 utiliser pour les fabriquer. Pour ensuite choisir le bon sol sportif pour le bon environnement. Un sol inadapt\u00e9 peut avoir des cons\u00e9quences aussi bien sur la long\u00e9vit\u00e9 du sol sportif que sur le respect des conditions de jeu. <\/p>\n\n\n\n<div class=\"wp-block-button alignleft\"><a class=\"wp-block-button__link no-border-radius\" href=\"http:\/\/www.sportspartner.fr\/index.php\/sols-sportifs-interieurs\/\">Int\u00e9rieur<\/a><\/div>\n\n\n\n<div class=\"wp-block-button\"><a class=\"wp-block-button__link no-border-radius\" href=\"http:\/\/www.sportspartner.fr\/index.php\/sols-sportifs-exterieurs\/\">Ext\u00e9rieur<\/a><\/div>\n\n\n\n<hr class=\"wp-block-separator\"\/>\n\n\n\n<figure class=\"wp-block-image\"><img loading=\"lazy\" width=\"1024\" height=\"683\" src=\"http:\/\/www.sportspartner.fr\/wp-content\/uploads\/2019\/02\/DSC_9385-1024x683.jpg\" alt=\"\" class=\"wp-image-132\" srcset=\"https:\/\/www.sportspartner.fr\/wp-content\/uploads\/2019\/02\/DSC_9385-1024x683.jpg 1024w, https:\/\/www.sportspartner.fr\/wp-content\/uploads\/2019\/02\/DSC_9385-300x200.jpg 300w, https:\/\/www.sportspartner.fr\/wp-content\/uploads\/2019\/02\/DSC_9385-768x512.jpg 768w, https:\/\/www.sportspartner.fr\/wp-content\/uploads\/2019\/02\/DSC_9385-830x553.jpg 830w, https:\/\/www.sportspartner.fr\/wp-content\/uploads\/2019\/02\/DSC_9385-230x153.jpg 230w, https:\/\/www.sportspartner.fr\/wp-content\/uploads\/2019\/02\/DSC_9385-350x233.jpg 350w, https:\/\/www.sportspartner.fr\/wp-content\/uploads\/2019\/02\/DSC_9385-480x320.jpg 480w\" sizes=\"(max-width: 1024px) 100vw, 1024px\" \/><\/figure>\n\n\n\n<h3>Pourquoi choisir un sol sportif modulaire?<\/h3>\n\n\n\n<ul><li>C&#8217;est la solution qui offre une plus grande \u00e9conomie, facilit\u00e9 et rapidit\u00e9 d&#8217;installation ;<\/li><li>Constitu\u00e9e de modules faciles \u00e0 installer et \u00e0 d\u00e9monter, ils s\u2019appliquent \u00e0 tout type de surface rigide ou plane ;<\/li><li>Et cela, sans utiliser de colle.  Les dalles sont amovibles et portables dans d\u2019autres espaces ;<\/li><li>En cas d&#8217;accident, le remplacement des dalles est facile et rapide ;<\/li><li>Recommand\u00e9 pour la pratique sportive de plusieurs jeux (y compris le basketball et les sports \u00e0 roulettes) ;<\/li><li>Aucun frais de maintenance et garantie r\u00e9elle du fabricant de 15 ans ;<\/li><li>Meilleur rapport qualit\u00e9 \/ prix sur le march\u00e9 ;<\/li><\/ul>\n\n\n\n<p>Qu&#8217;est-ce que tu attends?! <a href=\"http:\/\/www.sportspartner.fr\/index.php\/sols-sportifs-interieurs\/\"><strong>Clique ici pour en savoir plus sur notre solution sportive Naxos!<\/strong><\/a><\/p>\n","protected":false},"excerpt":{"rendered":"<p>Comment choisir le sol sportif qui convient le mieux aux jeux pratiqu\u00e9s sur ma surface? Avant toute chose, il faut d\u00e9terminer l&#8217;utilisation du sol : en int\u00e9rieur ou en ext\u00e9rieur. Car les solutions de rev\u00eatements de sols sportifs ne manquent pas et peuvent varier diam\u00e9tralement ! En effet, les conditions climatiques comme le soleil, la [&hellip;]<\/p>\n","protected":false},"author":1,"featured_media":0,"parent":0,"menu_order":0,"comment_status":"closed","ping_status":"closed","template":"","meta":[],"_links":{"self":[{"href":"https:\/\/www.sportspartner.fr\/index.php\/wp-json\/wp\/v2\/pages\/131"}],"collection":[{"href":"https:\/\/www.sportspartner.fr\/index.php\/wp-json\/wp\/v2\/pages"}],"about":[{"href":"https:\/\/www.sportspartner.fr\/index.php\/wp-json\/wp\/v2\/types\/page"}],"author":[{"embeddable":true,"href":"https:\/\/www.sportspartner.fr\/index.php\/wp-json\/wp\/v2\/users\/1"}],"replies":[{"embeddable":true,"href":"https:\/\/www.sportspartner.fr\/index.php\/wp-json\/wp\/v2\/comments?post=131"}],"version-history":[{"count":11,"href":"https:\/\/www.sportspartner.fr\/index.php\/wp-json\/wp\/v2\/pages\/131\/revisions"}],"predecessor-version":[{"id":813,"href":"https:\/\/www.sportspartner.fr\/index.php\/wp-json\/wp\/v2\/pages\/131\/revisions\/813"}],"wp:attachment":[{"href":"https:\/\/www.sportspartner.fr\/index.php\/wp-json\/wp\/v2\/media?parent=131"}],"curies":[{"name":"wp","href":"https:\/\/api.w.org\/{rel}","templated":true}]}}