{"id":123,"date":"2019-02-20T15:32:13","date_gmt":"2019-02-20T14:32:13","guid":{"rendered":"http:\/\/www.sportspartner.fr\/?page_id=123"},"modified":"2019-04-04T17:39:26","modified_gmt":"2019-04-04T15:39:26","slug":"sols-sportifs-interieurs","status":"publish","type":"page","link":"https:\/\/www.sportspartner.fr\/index.php\/sols-sportifs-interieurs\/","title":{"rendered":"Sols sportifs int\u00e9rieurs"},"content":{"rendered":"\n<p><strong>D\u00e9couvrez nos gammes de sols sportifs int\u00e9rieurs<\/strong> : Naxos peut \u00eatre consid\u00e9r\u00e9 comme le meilleur sol modulaire d\u2019int\u00e9rieur avec sous couche au monde ! Car il a \u00e9t\u00e9 con\u00e7u avec les athl\u00e8tes pour offrir confort et s\u00e9curit\u00e9 \u00e0 ceux qui jouent. Notre gamme est id\u00e9ale pour les sites sportifs int\u00e9rieurs. Elle combine la durabilit\u00e9 et la portabilit\u00e9, avec la r\u00e9sistance et l\u2019esth\u00e9tique. Et tout cela, sans co\u00fbts d\u2019entretien. D\u00e9couvrez \u00e9galement notre gamme de rev\u00eatements de <a href=\"http:\/\/www.sportspartner.fr\/index.php\/sol-sportif-bois-kythnos-modular\/\">sol en bois Kythnos<\/a>. <\/p>\n\n\n\n<p><strong>Caract\u00e9ristiques de la gamme<\/strong> : Les petites dalles de polypropyl\u00e8ne s\u2019embo\u00eetent aussi simplement qu\u2019un puzzle. Leur installation se fait simplement sur toutes surfaces solides et planes. Nos dalles b\u00e9n\u00e9ficient d\u2019une surface mate permettant d\u2019\u00e9viter les reflets. Leurs polyvalences et les 7 points d\u2019embo\u00eetements sont d\u2019autres atouts. La surface micro textur\u00e9es garantit un niveau d\u2019adh\u00e9rence parfait et une performance ad\u00e9quate pour tout type de jeu. <\/p>\n\n\n\n<p>N&#8217;h\u00e9sitez plus, d\u00e9couvrez nos gammes de sols sportifs int\u00e9rieurs :<\/p>\n\n\n\n<div class=\"wp-block-button alignleft is-style-squared\"><a class=\"wp-block-button__link\" href=\"http:\/\/www.sportspartner.fr\/index.php\/sol-sportif-naxos-sport-evolution\/\">Naxos SPORT EVOLUTION<\/a><\/div>\n\n\n\n<div class=\"wp-block-button is-style-squared\"><a class=\"wp-block-button__link\" href=\"http:\/\/www.sportspartner.fr\/index.php\/sol-sportif-interieur\/\">Naxos AIR EVOLUTION<\/a><\/div>\n\n\n\n<div class=\"wp-block-button is-style-squared\"><a class=\"wp-block-button__link\" href=\"http:\/\/www.sportspartner.fr\/index.php\/sol-sportif-bois-kythnos-modular\/\">Kythnos MODULAR<\/a><\/div>\n\n\n\n<ul class=\"wp-block-gallery columns-2 is-cropped\"><li class=\"blocks-gallery-item\"><figure><img loading=\"lazy\" width=\"459\" height=\"362\" src=\"http:\/\/www.sportspartner.fr\/wp-content\/uploads\/2019\/02\/Naxos.png\" alt=\"\" data-id=\"127\" class=\"wp-image-127\" srcset=\"https:\/\/www.sportspartner.fr\/wp-content\/uploads\/2019\/02\/Naxos.png 459w, https:\/\/www.sportspartner.fr\/wp-content\/uploads\/2019\/02\/Naxos-300x237.png 300w, https:\/\/www.sportspartner.fr\/wp-content\/uploads\/2019\/02\/Naxos-230x181.png 230w, https:\/\/www.sportspartner.fr\/wp-content\/uploads\/2019\/02\/Naxos-350x276.png 350w\" sizes=\"(max-width: 459px) 100vw, 459px\" \/><\/figure><\/li><li class=\"blocks-gallery-item\"><figure><img loading=\"lazy\" width=\"1024\" height=\"768\" src=\"http:\/\/www.sportspartner.fr\/wp-content\/uploads\/2019\/02\/DSCN0545-1-1024x768.jpg\" alt=\"\" data-id=\"128\" data-link=\"http:\/\/www.sportspartner.fr\/index.php\/gamme-interieure\/dscn0545-2\/\" class=\"wp-image-128\" srcset=\"https:\/\/www.sportspartner.fr\/wp-content\/uploads\/2019\/02\/DSCN0545-1-1024x768.jpg 1024w, https:\/\/www.sportspartner.fr\/wp-content\/uploads\/2019\/02\/DSCN0545-1-300x225.jpg 300w, https:\/\/www.sportspartner.fr\/wp-content\/uploads\/2019\/02\/DSCN0545-1-768x576.jpg 768w, https:\/\/www.sportspartner.fr\/wp-content\/uploads\/2019\/02\/DSCN0545-1-830x623.jpg 830w, https:\/\/www.sportspartner.fr\/wp-content\/uploads\/2019\/02\/DSCN0545-1-230x173.jpg 230w, https:\/\/www.sportspartner.fr\/wp-content\/uploads\/2019\/02\/DSCN0545-1-350x263.jpg 350w, https:\/\/www.sportspartner.fr\/wp-content\/uploads\/2019\/02\/DSCN0545-1-480x360.jpg 480w\" sizes=\"(max-width: 1024px) 100vw, 1024px\" \/><\/figure><\/li><li class=\"blocks-gallery-item\"><figure><img loading=\"lazy\" width=\"635\" height=\"480\" src=\"http:\/\/www.sportspartner.fr\/wp-content\/uploads\/2019\/02\/111dcdc8f69fa8bd1b03384a11a4b86c.png\" alt=\"\" data-id=\"129\" data-link=\"http:\/\/www.sportspartner.fr\/index.php\/gamme-interieure\/111dcdc8f69fa8bd1b03384a11a4b86c\/\" class=\"wp-image-129\" srcset=\"https:\/\/www.sportspartner.fr\/wp-content\/uploads\/2019\/02\/111dcdc8f69fa8bd1b03384a11a4b86c.png 635w, https:\/\/www.sportspartner.fr\/wp-content\/uploads\/2019\/02\/111dcdc8f69fa8bd1b03384a11a4b86c-300x227.png 300w, https:\/\/www.sportspartner.fr\/wp-content\/uploads\/2019\/02\/111dcdc8f69fa8bd1b03384a11a4b86c-230x174.png 230w, https:\/\/www.sportspartner.fr\/wp-content\/uploads\/2019\/02\/111dcdc8f69fa8bd1b03384a11a4b86c-350x265.png 350w, https:\/\/www.sportspartner.fr\/wp-content\/uploads\/2019\/02\/111dcdc8f69fa8bd1b03384a11a4b86c-480x363.png 480w\" sizes=\"(max-width: 635px) 100vw, 635px\" \/><\/figure><\/li><li class=\"blocks-gallery-item\"><figure><img loading=\"lazy\" width=\"368\" height=\"368\" src=\"http:\/\/www.sportspartner.fr\/wp-content\/uploads\/2019\/03\/Kythnos.jpg\" alt=\"\" data-id=\"529\" data-link=\"http:\/\/www.sportspartner.fr\/index.php\/gamme-interieure\/kythnos-2\/\" class=\"wp-image-529\" srcset=\"https:\/\/www.sportspartner.fr\/wp-content\/uploads\/2019\/03\/Kythnos.jpg 368w, https:\/\/www.sportspartner.fr\/wp-content\/uploads\/2019\/03\/Kythnos-150x150.jpg 150w, https:\/\/www.sportspartner.fr\/wp-content\/uploads\/2019\/03\/Kythnos-300x300.jpg 300w, https:\/\/www.sportspartner.fr\/wp-content\/uploads\/2019\/03\/Kythnos-230x230.jpg 230w, https:\/\/www.sportspartner.fr\/wp-content\/uploads\/2019\/03\/Kythnos-350x350.jpg 350w\" sizes=\"(max-width: 368px) 100vw, 368px\" \/><\/figure><\/li><li class=\"blocks-gallery-item\"><figure><img loading=\"lazy\" width=\"472\" height=\"255\" src=\"http:\/\/www.sportspartner.fr\/wp-content\/uploads\/2019\/03\/Kythnos_modular.jpg\" alt=\"\" data-id=\"530\" data-link=\"http:\/\/www.sportspartner.fr\/index.php\/gamme-interieure\/kythnos_modular\/\" class=\"wp-image-530\" srcset=\"https:\/\/www.sportspartner.fr\/wp-content\/uploads\/2019\/03\/Kythnos_modular.jpg 472w, https:\/\/www.sportspartner.fr\/wp-content\/uploads\/2019\/03\/Kythnos_modular-300x162.jpg 300w, https:\/\/www.sportspartner.fr\/wp-content\/uploads\/2019\/03\/Kythnos_modular-230x124.jpg 230w, https:\/\/www.sportspartner.fr\/wp-content\/uploads\/2019\/03\/Kythnos_modular-350x189.jpg 350w\" sizes=\"(max-width: 472px) 100vw, 472px\" \/><\/figure><\/li><\/ul>\n","protected":false},"excerpt":{"rendered":"<p>D\u00e9couvrez nos gammes de sols sportifs int\u00e9rieurs : Naxos peut \u00eatre consid\u00e9r\u00e9 comme le meilleur sol modulaire d\u2019int\u00e9rieur avec sous couche au monde ! Car il a \u00e9t\u00e9 con\u00e7u avec les athl\u00e8tes pour offrir confort et s\u00e9curit\u00e9 \u00e0 ceux qui jouent. Notre gamme est id\u00e9ale pour les sites sportifs int\u00e9rieurs. Elle combine la durabilit\u00e9 et [&hellip;]<\/p>\n","protected":false},"author":1,"featured_media":0,"parent":0,"menu_order":0,"comment_status":"closed","ping_status":"closed","template":"","meta":[],"_links":{"self":[{"href":"https:\/\/www.sportspartner.fr\/index.php\/wp-json\/wp\/v2\/pages\/123"}],"collection":[{"href":"https:\/\/www.sportspartner.fr\/index.php\/wp-json\/wp\/v2\/pages"}],"about":[{"href":"https:\/\/www.sportspartner.fr\/index.php\/wp-json\/wp\/v2\/types\/page"}],"author":[{"embeddable":true,"href":"https:\/\/www.sportspartner.fr\/index.php\/wp-json\/wp\/v2\/users\/1"}],"replies":[{"embeddable":true,"href":"https:\/\/www.sportspartner.fr\/index.php\/wp-json\/wp\/v2\/comments?post=123"}],"version-history":[{"count":12,"href":"https:\/\/www.sportspartner.fr\/index.php\/wp-json\/wp\/v2\/pages\/123\/revisions"}],"predecessor-version":[{"id":673,"href":"https:\/\/www.sportspartner.fr\/index.php\/wp-json\/wp\/v2\/pages\/123\/revisions\/673"}],"wp:attachment":[{"href":"https:\/\/www.sportspartner.fr\/index.php\/wp-json\/wp\/v2\/media?parent=123"}],"curies":[{"name":"wp","href":"https:\/\/api.w.org\/{rel}","templated":true}]}}